{"id":4959,"date":"2024-04-26T11:04:17","date_gmt":"2024-04-26T11:04:17","guid":{"rendered":"https:\/\/3dmakinakalip.com\/?page_id=4959"},"modified":"2024-04-26T12:59:49","modified_gmt":"2024-04-26T12:59:49","slug":"zincirli-vidalama-makinesi-vd-1000s","status":"publish","type":"page","link":"https:\/\/3dmakinakalip.com\/?page_id=4959","title":{"rendered":"Zincirli Vidalama Makinesi ( VD-1000S )"},"content":{"rendered":"\t\t<div data-elementor-type=\"wp-page\" data-elementor-id=\"4959\" class=\"elementor elementor-4959\">\n\t\t\t\t<div class=\"elementor-element elementor-element-bb8a063 e-con-full e-flex e-con e-parent\" data-id=\"bb8a063\" data-element_type=\"container\">\n\t\t\t\t<div class=\"elementor-element elementor-element-7ac1205 elementor-widget elementor-widget-heading\" data-id=\"7ac1205\" data-element_type=\"widget\" data-widget_type=\"heading.default\">\n\t\t\t\t<div class=\"elementor-widget-container\">\n\t\t\t<style>\/*! elementor - v3.21.0 - 25-04-2024 *\/\n.elementor-heading-title{padding:0;margin:0;line-height:1}.elementor-widget-heading .elementor-heading-title[class*=elementor-size-]>a{color:inherit;font-size:inherit;line-height:inherit}.elementor-widget-heading .elementor-heading-title.elementor-size-small{font-size:15px}.elementor-widget-heading .elementor-heading-title.elementor-size-medium{font-size:19px}.elementor-widget-heading .elementor-heading-title.elementor-size-large{font-size:29px}.elementor-widget-heading .elementor-heading-title.elementor-size-xl{font-size:39px}.elementor-widget-heading .elementor-heading-title.elementor-size-xxl{font-size:59px}<\/style><h2 class=\"elementor-heading-title elementor-size-default\">Z\u0130NC\u0130RL\u0130 V\u0130DALAMA MAK\u0130NASI ( VD-1000S)<\/h2>\t\t<\/div>\n\t\t\t\t<\/div>\n\t\t\t\t<div class=\"elementor-element elementor-element-d2e5c02 elementor-widget elementor-widget-image\" data-id=\"d2e5c02\" data-element_type=\"widget\" data-widget_type=\"image.default\">\n\t\t\t\t<div class=\"elementor-widget-container\">\n\t\t\t<style>\/*! elementor - v3.21.0 - 25-04-2024 *\/\n.elementor-widget-image{text-align:center}.elementor-widget-image a{display:inline-block}.elementor-widget-image a img[src$=\".svg\"]{width:48px}.elementor-widget-image img{vertical-align:middle;display:inline-block}<\/style>\t\t\t\t\t\t\t\t\t\t<img fetchpriority=\"high\" decoding=\"async\" width=\"1693\" height=\"849\" src=\"https:\/\/3dmakinakalip.com\/wp-content\/uploads\/2024\/04\/Vidalama-Makine-Montaj-Capraz.png\" class=\"attachment-full size-full wp-image-5015\" alt=\"\" srcset=\"https:\/\/3dmakinakalip.com\/wp-content\/uploads\/2024\/04\/Vidalama-Makine-Montaj-Capraz.png 1693w, https:\/\/3dmakinakalip.com\/wp-content\/uploads\/2024\/04\/Vidalama-Makine-Montaj-Capraz-300x150.png 300w, https:\/\/3dmakinakalip.com\/wp-content\/uploads\/2024\/04\/Vidalama-Makine-Montaj-Capraz-1024x514.png 1024w, https:\/\/3dmakinakalip.com\/wp-content\/uploads\/2024\/04\/Vidalama-Makine-Montaj-Capraz-768x385.png 768w, https:\/\/3dmakinakalip.com\/wp-content\/uploads\/2024\/04\/Vidalama-Makine-Montaj-Capraz-1536x770.png 1536w\" sizes=\"(max-width: 1693px) 100vw, 1693px\" \/>\t\t\t\t\t\t\t\t\t\t\t\t\t<\/div>\n\t\t\t\t<\/div>\n\t\t\t\t<div class=\"elementor-element elementor-element-8e3e364 elementor-widget elementor-widget-heading\" data-id=\"8e3e364\" data-element_type=\"widget\" data-widget_type=\"heading.default\">\n\t\t\t\t<div class=\"elementor-widget-container\">\n\t\t\t<h2 class=\"elementor-heading-title elementor-size-default\">MAK\u0130NA HAKKINDA B\u0130LG\u0130<\/h2>\t\t<\/div>\n\t\t\t\t<\/div>\n\t\t\t\t<div class=\"elementor-element elementor-element-fdac134 elementor-widget elementor-widget-text-editor\" data-id=\"fdac134\" data-element_type=\"widget\" data-widget_type=\"text-editor.default\">\n\t\t\t\t<div class=\"elementor-widget-container\">\n\t\t\t<style>\/*! elementor - v3.21.0 - 25-04-2024 *\/\n.elementor-widget-text-editor.elementor-drop-cap-view-stacked .elementor-drop-cap{background-color:#69727d;color:#fff}.elementor-widget-text-editor.elementor-drop-cap-view-framed .elementor-drop-cap{color:#69727d;border:3px solid;background-color:transparent}.elementor-widget-text-editor:not(.elementor-drop-cap-view-default) .elementor-drop-cap{margin-top:8px}.elementor-widget-text-editor:not(.elementor-drop-cap-view-default) .elementor-drop-cap-letter{width:1em;height:1em}.elementor-widget-text-editor .elementor-drop-cap{float:left;text-align:center;line-height:1;font-size:50px}.elementor-widget-text-editor .elementor-drop-cap-letter{display:inline-block}<\/style>\t\t\t\t<p data-sourcepos=\"3:1-3:291\"><span style=\"color: #000000;\">3D Makina Kal\u0131p&#8217;\u0131n Zincirli Do\u011falgaz Kelep\u00e7e Vidalama makinesi, do\u011falgaz tesisatlar\u0131nda kullan\u0131lan kelep\u00e7elerin h\u0131zl\u0131 ve kolay bir \u015fekilde monte edilmesini sa\u011flayan bir makinedir. Makine, zincirli montaj sistemi sayesinde kelep\u00e7eleri otomatik olarak s\u0131k\u0131\u015ft\u0131rarak montaj i\u015flemini kolayla\u015ft\u0131r\u0131r.<\/span><\/p><p data-sourcepos=\"5:1-5:61\"><span style=\"color: #000000;\"><strong>Zincirli Do\u011falgaz Kelep\u00e7e Vidalama Makinesinin \u00d6zellikleri:<\/strong><\/span><\/p><ul data-sourcepos=\"7:1-12:0\"><li data-sourcepos=\"7:1-7:204\"><span style=\"color: #000000;\"><strong>H\u0131zl\u0131 ve kolay montaj:<\/strong> Makine, zincirli montaj sistemi sayesinde kelep\u00e7eleri otomatik olarak s\u0131k\u0131\u015ft\u0131rarak montaj i\u015flemini kolayla\u015ft\u0131r\u0131r. Bu sayede montaj s\u00fcresi k\u0131sal\u0131r ve i\u015f\u00e7ilik maliyetleri d\u00fc\u015fer.<\/span><\/li><li data-sourcepos=\"8:1-8:170\"><span style=\"color: #000000;\"><strong>G\u00fc\u00e7l\u00fc ve sa\u011flam yap\u0131:<\/strong> Makine, y\u00fcksek kaliteli malzemelerden \u00fcretilmi\u015ftir ve uzun \u00f6m\u00fcrl\u00fcd\u00fcr. G\u00fc\u00e7l\u00fc ve sa\u011flam yap\u0131s\u0131 sayesinde zorlu \u00e7al\u0131\u015fma ko\u015fullar\u0131na dayan\u0131kl\u0131d\u0131r.<\/span><\/li><li data-sourcepos=\"9:1-9:126\"><span style=\"color: #000000;\"><strong>Kullan\u0131m\u0131 kolay:<\/strong> Makine, kullan\u0131m\u0131 kolay bir tasar\u0131ma sahiptir. Az e\u011fitimli personel bile makineyi kolayca kullanabilir.<\/span><\/li><li data-sourcepos=\"10:1-10:159\"><span style=\"color: #000000;\"><strong>Ayarlanabilir:<\/strong> Makine, farkl\u0131 boyutlardaki kelep\u00e7elere g\u00f6re ayarlanabilir. Bu sayede tek bir makine ile \u00e7e\u015fitli boyutlardaki kelep\u00e7eler monte edilebilir.<\/span><\/li><\/ul><p data-sourcepos=\"13:1-13:59\"><span style=\"color: #000000;\"><strong>Zincirli Do\u011falgaz Kelep\u00e7e Vidalama Makinesinin Avantajlar\u0131:<\/strong><\/span><\/p><ul data-sourcepos=\"15:1-20:0\"><li data-sourcepos=\"15:1-15:102\"><span style=\"color: #000000;\"><strong>Zamandan tasarruf sa\u011flar:<\/strong> Makine, h\u0131zl\u0131 ve kolay montaj imkan\u0131 sunarak zamandan tasarruf sa\u011flar.<\/span><\/li><li data-sourcepos=\"16:1-16:92\"><span style=\"color: #000000;\"><strong>\u0130\u015fg\u00fcc\u00fcn\u00fc azalt\u0131r:<\/strong> Makine, otomatik montaj sistemi sayesinde i\u015fg\u00fcc\u00fc ihtiyac\u0131n\u0131 azalt\u0131r.<\/span><\/li><li data-sourcepos=\"17:1-17:92\"><span style=\"color: #000000;\"><strong>Montaj hatalar\u0131n\u0131 \u00f6nler:<\/strong> Makine, hassas montaj imkan\u0131 sunarak montaj hatalar\u0131n\u0131 \u00f6nler.<\/span><\/li><li data-sourcepos=\"18:1-18:102\"><span style=\"color: #000000;\"><strong>\u0130\u015fyerinde g\u00fcvenli\u011fi art\u0131r\u0131r:<\/strong> Makine, otomatik montaj sistemi sayesinde i\u015fyerinde kazalar\u0131 \u00f6nler.<\/span><\/li><li data-sourcepos=\"19:1-20:0\"><span style=\"color: #000000;\"><strong>Verimlili\u011fi art\u0131r\u0131r:<\/strong> Makine, h\u0131zl\u0131 ve kolay montaj imkan\u0131 sunarak verimlili\u011fi art\u0131r\u0131r.<\/span><\/li><\/ul>\t\t\t\t\t\t<\/div>\n\t\t\t\t<\/div>\n\t\t<div class=\"elementor-element elementor-element-912c69c e-flex e-con-boxed e-con e-child\" data-id=\"912c69c\" data-element_type=\"container\">\n\t\t\t\t\t<div class=\"e-con-inner\">\n\t\t<div class=\"elementor-element elementor-element-d3f9c77 e-grid e-con-boxed e-con e-child\" data-id=\"d3f9c77\" data-element_type=\"container\">\n\t\t\t\t\t<div class=\"e-con-inner\">\n\t\t\t\t<div class=\"elementor-element elementor-element-214970c elementor-widget elementor-widget-image\" data-id=\"214970c\" data-element_type=\"widget\" data-widget_type=\"image.default\">\n\t\t\t\t<div class=\"elementor-widget-container\">\n\t\t\t\t\t\t\t\t\t\t\t\t\t<img decoding=\"async\" width=\"1693\" height=\"849\" src=\"https:\/\/3dmakinakalip.com\/wp-content\/uploads\/2024\/04\/Vidalama-Makine-Montaj-YAN.png\" class=\"attachment-full size-full wp-image-5018\" alt=\"\" srcset=\"https:\/\/3dmakinakalip.com\/wp-content\/uploads\/2024\/04\/Vidalama-Makine-Montaj-YAN.png 1693w, https:\/\/3dmakinakalip.com\/wp-content\/uploads\/2024\/04\/Vidalama-Makine-Montaj-YAN-300x150.png 300w, https:\/\/3dmakinakalip.com\/wp-content\/uploads\/2024\/04\/Vidalama-Makine-Montaj-YAN-1024x514.png 1024w, https:\/\/3dmakinakalip.com\/wp-content\/uploads\/2024\/04\/Vidalama-Makine-Montaj-YAN-768x385.png 768w, https:\/\/3dmakinakalip.com\/wp-content\/uploads\/2024\/04\/Vidalama-Makine-Montaj-YAN-1536x770.png 1536w\" sizes=\"(max-width: 1693px) 100vw, 1693px\" \/>\t\t\t\t\t\t\t\t\t\t\t\t\t<\/div>\n\t\t\t\t<\/div>\n\t\t\t\t<div class=\"elementor-element elementor-element-ea05ee3 elementor-widget elementor-widget-image\" data-id=\"ea05ee3\" data-element_type=\"widget\" data-widget_type=\"image.default\">\n\t\t\t\t<div class=\"elementor-widget-container\">\n\t\t\t\t\t\t\t\t\t\t\t\t\t<img decoding=\"async\" width=\"640\" height=\"321\" src=\"https:\/\/3dmakinakalip.com\/wp-content\/uploads\/2024\/04\/Vidalama-Makine-Montaj-UST-1024x514.png\" class=\"attachment-large size-large wp-image-5017\" alt=\"\" srcset=\"https:\/\/3dmakinakalip.com\/wp-content\/uploads\/2024\/04\/Vidalama-Makine-Montaj-UST-1024x514.png 1024w, https:\/\/3dmakinakalip.com\/wp-content\/uploads\/2024\/04\/Vidalama-Makine-Montaj-UST-300x150.png 300w, https:\/\/3dmakinakalip.com\/wp-content\/uploads\/2024\/04\/Vidalama-Makine-Montaj-UST-768x385.png 768w, https:\/\/3dmakinakalip.com\/wp-content\/uploads\/2024\/04\/Vidalama-Makine-Montaj-UST-1536x770.png 1536w, https:\/\/3dmakinakalip.com\/wp-content\/uploads\/2024\/04\/Vidalama-Makine-Montaj-UST.png 1693w\" sizes=\"(max-width: 640px) 100vw, 640px\" \/>\t\t\t\t\t\t\t\t\t\t\t\t\t<\/div>\n\t\t\t\t<\/div>\n\t\t\t\t<div class=\"elementor-element elementor-element-35eec3f elementor-widget elementor-widget-image\" data-id=\"35eec3f\" data-element_type=\"widget\" data-widget_type=\"image.default\">\n\t\t\t\t<div class=\"elementor-widget-container\">\n\t\t\t\t\t\t\t\t\t\t\t\t\t<img fetchpriority=\"high\" decoding=\"async\" width=\"1693\" height=\"849\" src=\"https:\/\/3dmakinakalip.com\/wp-content\/uploads\/2024\/04\/Vidalama-Makine-Montaj-Capraz.png\" class=\"attachment-full size-full wp-image-5015\" alt=\"\" srcset=\"https:\/\/3dmakinakalip.com\/wp-content\/uploads\/2024\/04\/Vidalama-Makine-Montaj-Capraz.png 1693w, https:\/\/3dmakinakalip.com\/wp-content\/uploads\/2024\/04\/Vidalama-Makine-Montaj-Capraz-300x150.png 300w, https:\/\/3dmakinakalip.com\/wp-content\/uploads\/2024\/04\/Vidalama-Makine-Montaj-Capraz-1024x514.png 1024w, https:\/\/3dmakinakalip.com\/wp-content\/uploads\/2024\/04\/Vidalama-Makine-Montaj-Capraz-768x385.png 768w, https:\/\/3dmakinakalip.com\/wp-content\/uploads\/2024\/04\/Vidalama-Makine-Montaj-Capraz-1536x770.png 1536w\" sizes=\"(max-width: 1693px) 100vw, 1693px\" \/>\t\t\t\t\t\t\t\t\t\t\t\t\t<\/div>\n\t\t\t\t<\/div>\n\t\t\t\t<div class=\"elementor-element elementor-element-43694f3 elementor-widget elementor-widget-image\" data-id=\"43694f3\" data-element_type=\"widget\" data-widget_type=\"image.default\">\n\t\t\t\t<div class=\"elementor-widget-container\">\n\t\t\t\t\t\t\t\t\t\t\t\t\t<img loading=\"lazy\" decoding=\"async\" width=\"1693\" height=\"849\" src=\"https:\/\/3dmakinakalip.com\/wp-content\/uploads\/2024\/04\/Vidalama-Makine-Montaj-ON.png\" class=\"attachment-full size-full wp-image-5016\" alt=\"\" srcset=\"https:\/\/3dmakinakalip.com\/wp-content\/uploads\/2024\/04\/Vidalama-Makine-Montaj-ON.png 1693w, https:\/\/3dmakinakalip.com\/wp-content\/uploads\/2024\/04\/Vidalama-Makine-Montaj-ON-300x150.png 300w, https:\/\/3dmakinakalip.com\/wp-content\/uploads\/2024\/04\/Vidalama-Makine-Montaj-ON-1024x514.png 1024w, https:\/\/3dmakinakalip.com\/wp-content\/uploads\/2024\/04\/Vidalama-Makine-Montaj-ON-768x385.png 768w, https:\/\/3dmakinakalip.com\/wp-content\/uploads\/2024\/04\/Vidalama-Makine-Montaj-ON-1536x770.png 1536w\" sizes=\"(max-width: 1693px) 100vw, 1693px\" \/>\t\t\t\t\t\t\t\t\t\t\t\t\t<\/div>\n\t\t\t\t<\/div>\n\t\t\t\t\t<\/div>\n\t\t\t\t<\/div>\n\t\t\t\t\t<\/div>\n\t\t\t\t<\/div>\n\t\t\t\t<\/div>\n\t\t<div class=\"elementor-element elementor-element-cdad6bc e-flex e-con-boxed e-con e-parent\" data-id=\"cdad6bc\" data-element_type=\"container\">\n\t\t\t\t\t<div class=\"e-con-inner\">\n\t\t\t\t<div class=\"elementor-element elementor-element-139a696 elementor-widget elementor-widget-video\" data-id=\"139a696\" data-element_type=\"widget\" data-settings=\"{&quot;youtube_url&quot;:&quot;https:\\\/\\\/www.youtube.com\\\/watch?v=dSoVcwSWAtE&quot;,&quot;modestbranding&quot;:&quot;yes&quot;,&quot;video_type&quot;:&quot;youtube&quot;,&quot;controls&quot;:&quot;yes&quot;}\" data-widget_type=\"video.default\">\n\t\t\t\t<div class=\"elementor-widget-container\">\n\t\t\t<style>\/*! elementor - v3.21.0 - 25-04-2024 *\/\n.elementor-widget-video .elementor-widget-container{overflow:hidden;transform:translateZ(0)}.elementor-widget-video .elementor-wrapper{aspect-ratio:var(--video-aspect-ratio)}.elementor-widget-video .elementor-wrapper iframe,.elementor-widget-video .elementor-wrapper video{height:100%;width:100%;display:flex;border:none;background-color:#000}@supports not (aspect-ratio:1\/1){.elementor-widget-video .elementor-wrapper{position:relative;overflow:hidden;height:0;padding-bottom:calc(100% \/ var(--video-aspect-ratio))}.elementor-widget-video .elementor-wrapper iframe,.elementor-widget-video .elementor-wrapper video{position:absolute;top:0;right:0;bottom:0;left:0}}.elementor-widget-video .elementor-open-inline .elementor-custom-embed-image-overlay{position:absolute;top:0;right:0;bottom:0;left:0;background-size:cover;background-position:50%}.elementor-widget-video .elementor-custom-embed-image-overlay{cursor:pointer;text-align:center}.elementor-widget-video .elementor-custom-embed-image-overlay:hover .elementor-custom-embed-play i{opacity:1}.elementor-widget-video .elementor-custom-embed-image-overlay img{display:block;width:100%;aspect-ratio:var(--video-aspect-ratio);-o-object-fit:cover;object-fit:cover;-o-object-position:center center;object-position:center center}@supports not (aspect-ratio:1\/1){.elementor-widget-video .elementor-custom-embed-image-overlay{position:relative;overflow:hidden;height:0;padding-bottom:calc(100% \/ var(--video-aspect-ratio))}.elementor-widget-video .elementor-custom-embed-image-overlay img{position:absolute;top:0;right:0;bottom:0;left:0}}.elementor-widget-video .e-hosted-video .elementor-video{-o-object-fit:cover;object-fit:cover}.e-con-inner>.elementor-widget-video,.e-con>.elementor-widget-video{width:var(--container-widget-width);--flex-grow:var(--container-widget-flex-grow)}<\/style>\t\t<div class=\"elementor-wrapper elementor-open-inline\">\n\t\t\t<div class=\"elementor-video\"><\/div>\t\t<\/div>\n\t\t\t\t<\/div>\n\t\t\t\t<\/div>\n\t\t\t\t\t<\/div>\n\t\t\t\t<\/div>\n\t\t\t\t<section class=\"elementor-section elementor-top-section elementor-element elementor-element-3366f1d elementor-section-full_width elementor-section-stretched elementor-section-height-default elementor-section-height-default\" data-id=\"3366f1d\" data-element_type=\"section\" data-settings=\"{&quot;stretch_section&quot;:&quot;section-stretched&quot;}\">\n\t\t\t\t\t\t<div class=\"elementor-container elementor-column-gap-no\">\n\t\t\t\t\t<div class=\"elementor-column elementor-col-100 elementor-top-column elementor-element elementor-element-913208d\" data-id=\"913208d\" data-element_type=\"column\">\n\t\t\t<div class=\"elementor-widget-wrap elementor-element-populated\">\n\t\t\t\t\t\t<div class=\"elementor-element elementor-element-b9f99a3 elementor-widget elementor-widget-tp-cta\" data-id=\"b9f99a3\" data-element_type=\"widget\" data-widget_type=\"tp-cta.default\">\n\t\t\t\t<div class=\"elementor-widget-container\">\n\t\t\t\n\n<div class=\"tp-news-letter-area tp-news-letter-bg pt-200 pb-150 ele-section\"\nstyle=\"background: url(https:\/\/3dmakinakalip.com\/wp-content\/uploads\/2022\/10\/news-bg-150x150.jpg);  \">\n\n    <div class=\"container\">\n        <div class=\"row justify-content-center\">\n            <div class=\"col-xl-8 col-lg-8 col-md-12 \">\n                <div class=\"tp-news-sub-wrapper \">\n                    <div class=\"tp-news-letter-section-box\">\n\n                        \n                        <h2 class=\"tp-title-sm tp-title-sm tp-white-text pb-30 ele-heading\">Daha Fazla Bilgi \u0130\u00e7in Katalo\u011fumuza Bakabilirsiniz<\/h2>\n                        \n                    <\/div>\n\n                                        <div class=\"tp-news-button\">\n                        <a href=\"https:\/\/3dmakinakalip.com\/?page_id=59\" target=\"_self\" rel=\"nofollow\" class=\"tp-btn-lg-yellow ele-button\">E-KATALOG<\/a>\n                    <\/div>\n                    \n                <\/div>\n            <\/div>\n        <\/div>\n    <\/div>\n<\/div>\n\n\t\t<\/div>\n\t\t\t\t<\/div>\n\t\t\t\t\t<\/div>\n\t\t<\/div>\n\t\t\t\t\t<\/div>\n\t\t<\/section>\n\t\t\t\t<\/div>\n\t\t","protected":false},"excerpt":{"rendered":"<p>Z\u0130NC\u0130RL\u0130 V\u0130DALAMA MAK\u0130NASI ( VD-1000S) MAK\u0130NA HAKKINDA B\u0130LG\u0130 3D Makina Kal\u0131p&#8217;\u0131n Zincirli Do\u011falgaz Kelep\u00e7e Vidalama makinesi, do\u011falgaz tesisatlar\u0131nda kullan\u0131lan kelep\u00e7elerin h\u0131zl\u0131 ve kolay bir \u015fekilde monte edilmesini sa\u011flayan bir makinedir. Makine, zincirli montaj sistemi sayesinde kelep\u00e7eleri otomatik olarak s\u0131k\u0131\u015ft\u0131rarak montaj i\u015flemini kolayla\u015ft\u0131r\u0131r. Zincirli Do\u011falgaz Kelep\u00e7e Vidalama Makinesinin \u00d6zellikleri: H\u0131zl\u0131 ve kolay montaj: Makine, zincirli montaj [&hellip;]<\/p>\n","protected":false},"author":2,"featured_media":0,"parent":0,"menu_order":0,"comment_status":"closed","ping_status":"closed","template":"","meta":{"_monsterinsights_skip_tracking":false,"_monsterinsights_sitenote_active":false,"_monsterinsights_sitenote_note":"","_monsterinsights_sitenote_category":0,"footnotes":""},"class_list":["post-4959","page","type-page","status-publish","hentry"],"acf":[],"aioseo_notices":[],"lang":"tr","translations":{"tr":4959},"jetpack_sharing_enabled":true,"pll_sync_post":[],"_links":{"self":[{"href":"https:\/\/3dmakinakalip.com\/index.php?rest_route=\/wp\/v2\/pages\/4959","targetHints":{"allow":["GET"]}}],"collection":[{"href":"https:\/\/3dmakinakalip.com\/index.php?rest_route=\/wp\/v2\/pages"}],"about":[{"href":"https:\/\/3dmakinakalip.com\/index.php?rest_route=\/wp\/v2\/types\/page"}],"author":[{"embeddable":true,"href":"https:\/\/3dmakinakalip.com\/index.php?rest_route=\/wp\/v2\/users\/2"}],"replies":[{"embeddable":true,"href":"https:\/\/3dmakinakalip.com\/index.php?rest_route=%2Fwp%2Fv2%2Fcomments&post=4959"}],"version-history":[{"count":7,"href":"https:\/\/3dmakinakalip.com\/index.php?rest_route=\/wp\/v2\/pages\/4959\/revisions"}],"predecessor-version":[{"id":5039,"href":"https:\/\/3dmakinakalip.com\/index.php?rest_route=\/wp\/v2\/pages\/4959\/revisions\/5039"}],"wp:attachment":[{"href":"https:\/\/3dmakinakalip.com\/index.php?rest_route=%2Fwp%2Fv2%2Fmedia&parent=4959"}],"curies":[{"name":"wp","href":"https:\/\/api.w.org\/{rel}","templated":true}]}}