{"id":4954,"date":"2024-04-26T11:03:58","date_gmt":"2024-04-26T11:03:58","guid":{"rendered":"https:\/\/3dmakinakalip.com\/?page_id=4954"},"modified":"2024-04-26T12:52:27","modified_gmt":"2024-04-26T12:52:27","slug":"tekli-vidalama-makinesi-vd-500","status":"publish","type":"page","link":"https:\/\/3dmakinakalip.com\/?page_id=4954","title":{"rendered":"Tekli Vidalama Makinesi ( VD-500 )"},"content":{"rendered":"\t\t<div data-elementor-type=\"wp-page\" data-elementor-id=\"4954\" class=\"elementor elementor-4954\">\n\t\t\t\t<div class=\"elementor-element elementor-element-2f88072 e-con-full e-flex e-con e-parent\" data-id=\"2f88072\" data-element_type=\"container\">\n\t\t\t\t<div class=\"elementor-element elementor-element-412e535 elementor-widget elementor-widget-heading\" data-id=\"412e535\" data-element_type=\"widget\" data-widget_type=\"heading.default\">\n\t\t\t\t<div class=\"elementor-widget-container\">\n\t\t\t<style>\/*! elementor - v3.21.0 - 25-04-2024 *\/\n.elementor-heading-title{padding:0;margin:0;line-height:1}.elementor-widget-heading .elementor-heading-title[class*=elementor-size-]>a{color:inherit;font-size:inherit;line-height:inherit}.elementor-widget-heading .elementor-heading-title.elementor-size-small{font-size:15px}.elementor-widget-heading .elementor-heading-title.elementor-size-medium{font-size:19px}.elementor-widget-heading .elementor-heading-title.elementor-size-large{font-size:29px}.elementor-widget-heading .elementor-heading-title.elementor-size-xl{font-size:39px}.elementor-widget-heading .elementor-heading-title.elementor-size-xxl{font-size:59px}<\/style><h2 class=\"elementor-heading-title elementor-size-default\">TEKL\u0130 V\u0130DALAMA MAK\u0130NASI ( VD-500)<\/h2>\t\t<\/div>\n\t\t\t\t<\/div>\n\t\t\t\t<div class=\"elementor-element elementor-element-d692337 elementor-widget elementor-widget-image\" data-id=\"d692337\" data-element_type=\"widget\" data-widget_type=\"image.default\">\n\t\t\t\t<div class=\"elementor-widget-container\">\n\t\t\t<style>\/*! elementor - v3.21.0 - 25-04-2024 *\/\n.elementor-widget-image{text-align:center}.elementor-widget-image a{display:inline-block}.elementor-widget-image a img[src$=\".svg\"]{width:48px}.elementor-widget-image img{vertical-align:middle;display:inline-block}<\/style>\t\t\t\t\t\t\t\t\t\t<img fetchpriority=\"high\" decoding=\"async\" width=\"1693\" height=\"849\" src=\"https:\/\/3dmakinakalip.com\/wp-content\/uploads\/2024\/04\/TEKLI-VIDALAMA-CAPRAZ.png\" class=\"attachment-full size-full wp-image-5026\" alt=\"\" srcset=\"https:\/\/3dmakinakalip.com\/wp-content\/uploads\/2024\/04\/TEKLI-VIDALAMA-CAPRAZ.png 1693w, https:\/\/3dmakinakalip.com\/wp-content\/uploads\/2024\/04\/TEKLI-VIDALAMA-CAPRAZ-300x150.png 300w, https:\/\/3dmakinakalip.com\/wp-content\/uploads\/2024\/04\/TEKLI-VIDALAMA-CAPRAZ-1024x514.png 1024w, https:\/\/3dmakinakalip.com\/wp-content\/uploads\/2024\/04\/TEKLI-VIDALAMA-CAPRAZ-768x385.png 768w, https:\/\/3dmakinakalip.com\/wp-content\/uploads\/2024\/04\/TEKLI-VIDALAMA-CAPRAZ-1536x770.png 1536w\" sizes=\"(max-width: 1693px) 100vw, 1693px\" \/>\t\t\t\t\t\t\t\t\t\t\t\t\t<\/div>\n\t\t\t\t<\/div>\n\t\t\t\t<div class=\"elementor-element elementor-element-31889b4 elementor-widget elementor-widget-heading\" data-id=\"31889b4\" data-element_type=\"widget\" data-widget_type=\"heading.default\">\n\t\t\t\t<div class=\"elementor-widget-container\">\n\t\t\t<h2 class=\"elementor-heading-title elementor-size-default\">MAK\u0130NA HAKKINDA B\u0130LG\u0130<\/h2>\t\t<\/div>\n\t\t\t\t<\/div>\n\t\t\t\t<div class=\"elementor-element elementor-element-4f34075 elementor-widget elementor-widget-text-editor\" data-id=\"4f34075\" data-element_type=\"widget\" data-widget_type=\"text-editor.default\">\n\t\t\t\t<div class=\"elementor-widget-container\">\n\t\t\t<style>\/*! elementor - v3.21.0 - 25-04-2024 *\/\n.elementor-widget-text-editor.elementor-drop-cap-view-stacked .elementor-drop-cap{background-color:#69727d;color:#fff}.elementor-widget-text-editor.elementor-drop-cap-view-framed .elementor-drop-cap{color:#69727d;border:3px solid;background-color:transparent}.elementor-widget-text-editor:not(.elementor-drop-cap-view-default) .elementor-drop-cap{margin-top:8px}.elementor-widget-text-editor:not(.elementor-drop-cap-view-default) .elementor-drop-cap-letter{width:1em;height:1em}.elementor-widget-text-editor .elementor-drop-cap{float:left;text-align:center;line-height:1;font-size:50px}.elementor-widget-text-editor .elementor-drop-cap-letter{display:inline-block}<\/style>\t\t\t\t<p style=\"text-align: center;\" data-sourcepos=\"3:1-3:282\"><span style=\"color: #000000;\">3D Makina Kal\u0131p&#8217;\u0131n LT-1000 modeli, do\u011falgaz tesisatlar\u0131nda kullan\u0131lan kelep\u00e7elerin h\u0131zl\u0131 ve kolay bir \u015fekilde tak\u0131lmas\u0131n\u0131 sa\u011flayan bir lastik takma makinesidir. \u00d6zellikle dar alanlarda \u00e7al\u0131\u015fmay\u0131 kolayla\u015ft\u0131ran kompakt tasar\u0131m\u0131yla LT-1000, do\u011falgaz tesisat\u00e7\u0131lar\u0131 i\u00e7in ideal bir ara\u00e7t\u0131r.<\/span><\/p><p style=\"text-align: center;\" data-sourcepos=\"5:1-5:26\"><span style=\"color: #000000;\">LT-1000&#8217;\u00fcn \u00d6zellikleri:<\/span><\/p><ul style=\"text-align: center;\" data-sourcepos=\"7:1-15:0\"><li data-sourcepos=\"7:1-7:30\"><span style=\"color: #000000;\">H\u0131zl\u0131 ve kolay kelep\u00e7e takma<\/span><\/li><li data-sourcepos=\"8:1-8:17\"><span style=\"color: #000000;\">Kompakt tasar\u0131m<\/span><\/li><li data-sourcepos=\"9:1-9:30\"><span style=\"color: #000000;\">Dar alanlarda kolay kullan\u0131m<\/span><\/li><li data-sourcepos=\"10:1-10:22\"><span style=\"color: #000000;\">G\u00fc\u00e7l\u00fc ve sa\u011flam yap\u0131<\/span><\/li><li data-sourcepos=\"11:1-11:17\"><span style=\"color: #000000;\">Kullan\u0131m\u0131 kolay<\/span><\/li><li data-sourcepos=\"12:1-12:19\"><span style=\"color: #000000;\">Ayarlanabilir kol<\/span><\/li><li data-sourcepos=\"13:1-13:25\"><span style=\"color: #000000;\">Otomatik kelep\u00e7e tutucu<\/span><\/li><li data-sourcepos=\"14:1-15:0\"><span style=\"color: #000000;\">\u00c7ift y\u00f6nl\u00fc \u00e7al\u0131\u015fma<\/span><\/li><\/ul><p style=\"text-align: center;\" data-sourcepos=\"16:1-16:24\"><span style=\"color: #000000;\">LT-1000&#8217;\u00fcn Faydalar\u0131:<\/span><\/p><ul data-sourcepos=\"18:1-23:0\"><li style=\"text-align: center;\" data-sourcepos=\"18:1-18:26\"><span style=\"color: #000000;\">Zamandan tasarruf sa\u011flar<\/span><\/li><li style=\"text-align: center;\" data-sourcepos=\"19:1-19:18\"><span style=\"color: #000000;\">\u0130\u015fg\u00fcc\u00fcn\u00fc azalt\u0131r<\/span><\/li><li style=\"text-align: center;\" data-sourcepos=\"20:1-20:24\"><span style=\"color: #000000;\">Kelep\u00e7e hasar\u0131n\u0131 \u00f6nler<\/span><\/li><li style=\"text-align: center;\" data-sourcepos=\"21:1-21:29\"><span style=\"color: #000000;\">\u0130\u015fyerinde g\u00fcvenli\u011fi art\u0131r\u0131r<\/span><\/li><li style=\"text-align: center;\" data-sourcepos=\"22:1-23:0\"><span style=\"color: #000000;\">Verimlili\u011fi art\u0131r\u0131r<\/span><\/li><\/ul>\t\t\t\t\t\t<\/div>\n\t\t\t\t<\/div>\n\t\t<div class=\"elementor-element elementor-element-a70a9bb e-flex e-con-boxed e-con e-child\" data-id=\"a70a9bb\" data-element_type=\"container\">\n\t\t\t\t\t<div class=\"e-con-inner\">\n\t\t<div class=\"elementor-element elementor-element-8ee0eac e-grid e-con-boxed e-con e-child\" data-id=\"8ee0eac\" data-element_type=\"container\">\n\t\t\t\t\t<div class=\"e-con-inner\">\n\t\t\t\t<div class=\"elementor-element elementor-element-2730281 elementor-widget elementor-widget-image\" data-id=\"2730281\" data-element_type=\"widget\" data-widget_type=\"image.default\">\n\t\t\t\t<div class=\"elementor-widget-container\">\n\t\t\t\t\t\t\t\t\t\t\t\t\t<img decoding=\"async\" width=\"1693\" height=\"849\" src=\"https:\/\/3dmakinakalip.com\/wp-content\/uploads\/2024\/04\/TEKLI-VIDALAMA-ON.png\" class=\"attachment-full size-full wp-image-5027\" alt=\"\" srcset=\"https:\/\/3dmakinakalip.com\/wp-content\/uploads\/2024\/04\/TEKLI-VIDALAMA-ON.png 1693w, https:\/\/3dmakinakalip.com\/wp-content\/uploads\/2024\/04\/TEKLI-VIDALAMA-ON-300x150.png 300w, https:\/\/3dmakinakalip.com\/wp-content\/uploads\/2024\/04\/TEKLI-VIDALAMA-ON-1024x514.png 1024w, https:\/\/3dmakinakalip.com\/wp-content\/uploads\/2024\/04\/TEKLI-VIDALAMA-ON-768x385.png 768w, https:\/\/3dmakinakalip.com\/wp-content\/uploads\/2024\/04\/TEKLI-VIDALAMA-ON-1536x770.png 1536w\" sizes=\"(max-width: 1693px) 100vw, 1693px\" \/>\t\t\t\t\t\t\t\t\t\t\t\t\t<\/div>\n\t\t\t\t<\/div>\n\t\t\t\t<div class=\"elementor-element elementor-element-d7d710f elementor-widget elementor-widget-image\" data-id=\"d7d710f\" data-element_type=\"widget\" data-widget_type=\"image.default\">\n\t\t\t\t<div class=\"elementor-widget-container\">\n\t\t\t\t\t\t\t\t\t\t\t\t\t<img decoding=\"async\" width=\"640\" height=\"321\" src=\"https:\/\/3dmakinakalip.com\/wp-content\/uploads\/2024\/04\/TEKLI-VIDALAMA-UST-1024x514.png\" class=\"attachment-large size-large wp-image-5028\" alt=\"\" srcset=\"https:\/\/3dmakinakalip.com\/wp-content\/uploads\/2024\/04\/TEKLI-VIDALAMA-UST-1024x514.png 1024w, https:\/\/3dmakinakalip.com\/wp-content\/uploads\/2024\/04\/TEKLI-VIDALAMA-UST-300x150.png 300w, https:\/\/3dmakinakalip.com\/wp-content\/uploads\/2024\/04\/TEKLI-VIDALAMA-UST-768x385.png 768w, https:\/\/3dmakinakalip.com\/wp-content\/uploads\/2024\/04\/TEKLI-VIDALAMA-UST-1536x770.png 1536w, https:\/\/3dmakinakalip.com\/wp-content\/uploads\/2024\/04\/TEKLI-VIDALAMA-UST.png 1693w\" sizes=\"(max-width: 640px) 100vw, 640px\" \/>\t\t\t\t\t\t\t\t\t\t\t\t\t<\/div>\n\t\t\t\t<\/div>\n\t\t\t\t<div class=\"elementor-element elementor-element-ed27c03 elementor-widget elementor-widget-image\" data-id=\"ed27c03\" data-element_type=\"widget\" data-widget_type=\"image.default\">\n\t\t\t\t<div class=\"elementor-widget-container\">\n\t\t\t\t\t\t\t\t\t\t\t\t\t<img loading=\"lazy\" decoding=\"async\" width=\"1693\" height=\"849\" src=\"https:\/\/3dmakinakalip.com\/wp-content\/uploads\/2024\/04\/TEKLI-VIDALAMA-YAN.png\" class=\"attachment-full size-full wp-image-5029\" alt=\"\" srcset=\"https:\/\/3dmakinakalip.com\/wp-content\/uploads\/2024\/04\/TEKLI-VIDALAMA-YAN.png 1693w, https:\/\/3dmakinakalip.com\/wp-content\/uploads\/2024\/04\/TEKLI-VIDALAMA-YAN-300x150.png 300w, https:\/\/3dmakinakalip.com\/wp-content\/uploads\/2024\/04\/TEKLI-VIDALAMA-YAN-1024x514.png 1024w, https:\/\/3dmakinakalip.com\/wp-content\/uploads\/2024\/04\/TEKLI-VIDALAMA-YAN-768x385.png 768w, https:\/\/3dmakinakalip.com\/wp-content\/uploads\/2024\/04\/TEKLI-VIDALAMA-YAN-1536x770.png 1536w\" sizes=\"(max-width: 1693px) 100vw, 1693px\" \/>\t\t\t\t\t\t\t\t\t\t\t\t\t<\/div>\n\t\t\t\t<\/div>\n\t\t\t\t<div class=\"elementor-element elementor-element-47c852f elementor-widget elementor-widget-image\" data-id=\"47c852f\" data-element_type=\"widget\" data-widget_type=\"image.default\">\n\t\t\t\t<div class=\"elementor-widget-container\">\n\t\t\t\t\t\t\t\t\t\t\t\t\t<img fetchpriority=\"high\" decoding=\"async\" width=\"1693\" height=\"849\" src=\"https:\/\/3dmakinakalip.com\/wp-content\/uploads\/2024\/04\/TEKLI-VIDALAMA-CAPRAZ.png\" class=\"attachment-full size-full wp-image-5026\" alt=\"\" srcset=\"https:\/\/3dmakinakalip.com\/wp-content\/uploads\/2024\/04\/TEKLI-VIDALAMA-CAPRAZ.png 1693w, https:\/\/3dmakinakalip.com\/wp-content\/uploads\/2024\/04\/TEKLI-VIDALAMA-CAPRAZ-300x150.png 300w, https:\/\/3dmakinakalip.com\/wp-content\/uploads\/2024\/04\/TEKLI-VIDALAMA-CAPRAZ-1024x514.png 1024w, https:\/\/3dmakinakalip.com\/wp-content\/uploads\/2024\/04\/TEKLI-VIDALAMA-CAPRAZ-768x385.png 768w, https:\/\/3dmakinakalip.com\/wp-content\/uploads\/2024\/04\/TEKLI-VIDALAMA-CAPRAZ-1536x770.png 1536w\" sizes=\"(max-width: 1693px) 100vw, 1693px\" \/>\t\t\t\t\t\t\t\t\t\t\t\t\t<\/div>\n\t\t\t\t<\/div>\n\t\t\t\t\t<\/div>\n\t\t\t\t<\/div>\n\t\t\t\t\t<\/div>\n\t\t\t\t<\/div>\n\t\t\t\t<\/div>\n\t\t<div class=\"elementor-element elementor-element-6f99d2e e-flex e-con-boxed e-con e-parent\" data-id=\"6f99d2e\" data-element_type=\"container\">\n\t\t\t\t\t<div class=\"e-con-inner\">\n\t\t\t\t<div class=\"elementor-element elementor-element-934d4f4 elementor-widget elementor-widget-video\" data-id=\"934d4f4\" data-element_type=\"widget\" data-settings=\"{&quot;youtube_url&quot;:&quot;https:\\\/\\\/www.youtube.com\\\/watch?v=BHCN4kOkcrw&quot;,&quot;modestbranding&quot;:&quot;yes&quot;,&quot;video_type&quot;:&quot;youtube&quot;,&quot;controls&quot;:&quot;yes&quot;}\" data-widget_type=\"video.default\">\n\t\t\t\t<div class=\"elementor-widget-container\">\n\t\t\t<style>\/*! elementor - v3.21.0 - 25-04-2024 *\/\n.elementor-widget-video .elementor-widget-container{overflow:hidden;transform:translateZ(0)}.elementor-widget-video .elementor-wrapper{aspect-ratio:var(--video-aspect-ratio)}.elementor-widget-video .elementor-wrapper iframe,.elementor-widget-video .elementor-wrapper video{height:100%;width:100%;display:flex;border:none;background-color:#000}@supports not (aspect-ratio:1\/1){.elementor-widget-video .elementor-wrapper{position:relative;overflow:hidden;height:0;padding-bottom:calc(100% \/ var(--video-aspect-ratio))}.elementor-widget-video .elementor-wrapper iframe,.elementor-widget-video .elementor-wrapper video{position:absolute;top:0;right:0;bottom:0;left:0}}.elementor-widget-video .elementor-open-inline .elementor-custom-embed-image-overlay{position:absolute;top:0;right:0;bottom:0;left:0;background-size:cover;background-position:50%}.elementor-widget-video .elementor-custom-embed-image-overlay{cursor:pointer;text-align:center}.elementor-widget-video .elementor-custom-embed-image-overlay:hover .elementor-custom-embed-play i{opacity:1}.elementor-widget-video .elementor-custom-embed-image-overlay img{display:block;width:100%;aspect-ratio:var(--video-aspect-ratio);-o-object-fit:cover;object-fit:cover;-o-object-position:center center;object-position:center center}@supports not (aspect-ratio:1\/1){.elementor-widget-video .elementor-custom-embed-image-overlay{position:relative;overflow:hidden;height:0;padding-bottom:calc(100% \/ var(--video-aspect-ratio))}.elementor-widget-video .elementor-custom-embed-image-overlay img{position:absolute;top:0;right:0;bottom:0;left:0}}.elementor-widget-video .e-hosted-video .elementor-video{-o-object-fit:cover;object-fit:cover}.e-con-inner>.elementor-widget-video,.e-con>.elementor-widget-video{width:var(--container-widget-width);--flex-grow:var(--container-widget-flex-grow)}<\/style>\t\t<div class=\"elementor-wrapper elementor-open-inline\">\n\t\t\t<div class=\"elementor-video\"><\/div>\t\t<\/div>\n\t\t\t\t<\/div>\n\t\t\t\t<\/div>\n\t\t\t\t\t<\/div>\n\t\t\t\t<\/div>\n\t\t\t\t<section class=\"elementor-section elementor-top-section elementor-element elementor-element-abde0bf elementor-section-full_width elementor-section-stretched elementor-section-height-default elementor-section-height-default\" data-id=\"abde0bf\" data-element_type=\"section\" data-settings=\"{&quot;stretch_section&quot;:&quot;section-stretched&quot;}\">\n\t\t\t\t\t\t<div class=\"elementor-container elementor-column-gap-no\">\n\t\t\t\t\t<div class=\"elementor-column elementor-col-100 elementor-top-column elementor-element elementor-element-d60b9d7\" data-id=\"d60b9d7\" data-element_type=\"column\">\n\t\t\t<div class=\"elementor-widget-wrap elementor-element-populated\">\n\t\t\t\t\t\t<div class=\"elementor-element elementor-element-0eb200e elementor-widget elementor-widget-tp-cta\" data-id=\"0eb200e\" data-element_type=\"widget\" data-widget_type=\"tp-cta.default\">\n\t\t\t\t<div class=\"elementor-widget-container\">\n\t\t\t\n\n<div class=\"tp-news-letter-area tp-news-letter-bg pt-200 pb-150 ele-section\"\nstyle=\"background: url(https:\/\/3dmakinakalip.com\/wp-content\/uploads\/2022\/10\/news-bg-150x150.jpg);  \">\n\n    <div class=\"container\">\n        <div class=\"row justify-content-center\">\n            <div class=\"col-xl-8 col-lg-8 col-md-12 \">\n                <div class=\"tp-news-sub-wrapper \">\n                    <div class=\"tp-news-letter-section-box\">\n\n                        \n                        <h2 class=\"tp-title-sm tp-title-sm tp-white-text pb-30 ele-heading\">Daha Fazla Bilgi \u0130\u00e7in Katalo\u011fumuza Bakabilirsiniz<\/h2>\n                        \n                    <\/div>\n\n                                        <div class=\"tp-news-button\">\n                        <a href=\"https:\/\/3dmakinakalip.com\/?page_id=59\" target=\"_self\" rel=\"nofollow\" class=\"tp-btn-lg-yellow ele-button\">E-KATALOG<\/a>\n                    <\/div>\n                    \n                <\/div>\n            <\/div>\n        <\/div>\n    <\/div>\n<\/div>\n\n\t\t<\/div>\n\t\t\t\t<\/div>\n\t\t\t\t\t<\/div>\n\t\t<\/div>\n\t\t\t\t\t<\/div>\n\t\t<\/section>\n\t\t\t\t<\/div>\n\t\t","protected":false},"excerpt":{"rendered":"<p>TEKL\u0130 V\u0130DALAMA MAK\u0130NASI ( VD-500) MAK\u0130NA HAKKINDA B\u0130LG\u0130 3D Makina Kal\u0131p&#8217;\u0131n LT-1000 modeli, do\u011falgaz tesisatlar\u0131nda kullan\u0131lan kelep\u00e7elerin h\u0131zl\u0131 ve kolay bir \u015fekilde tak\u0131lmas\u0131n\u0131 sa\u011flayan bir lastik takma makinesidir. \u00d6zellikle dar alanlarda \u00e7al\u0131\u015fmay\u0131 kolayla\u015ft\u0131ran kompakt tasar\u0131m\u0131yla LT-1000, do\u011falgaz tesisat\u00e7\u0131lar\u0131 i\u00e7in ideal bir ara\u00e7t\u0131r. LT-1000&#8217;\u00fcn \u00d6zellikleri: H\u0131zl\u0131 ve kolay kelep\u00e7e takma Kompakt tasar\u0131m Dar alanlarda kolay kullan\u0131m [&hellip;]<\/p>\n","protected":false},"author":2,"featured_media":0,"parent":0,"menu_order":0,"comment_status":"closed","ping_status":"closed","template":"","meta":{"_monsterinsights_skip_tracking":false,"_monsterinsights_sitenote_active":false,"_monsterinsights_sitenote_note":"","_monsterinsights_sitenote_category":0,"footnotes":""},"class_list":["post-4954","page","type-page","status-publish","hentry"],"acf":[],"aioseo_notices":[],"lang":"tr","translations":{"tr":4954},"jetpack_sharing_enabled":true,"pll_sync_post":[],"_links":{"self":[{"href":"https:\/\/3dmakinakalip.com\/index.php?rest_route=\/wp\/v2\/pages\/4954","targetHints":{"allow":["GET"]}}],"collection":[{"href":"https:\/\/3dmakinakalip.com\/index.php?rest_route=\/wp\/v2\/pages"}],"about":[{"href":"https:\/\/3dmakinakalip.com\/index.php?rest_route=\/wp\/v2\/types\/page"}],"author":[{"embeddable":true,"href":"https:\/\/3dmakinakalip.com\/index.php?rest_route=\/wp\/v2\/users\/2"}],"replies":[{"embeddable":true,"href":"https:\/\/3dmakinakalip.com\/index.php?rest_route=%2Fwp%2Fv2%2Fcomments&post=4954"}],"version-history":[{"count":5,"href":"https:\/\/3dmakinakalip.com\/index.php?rest_route=\/wp\/v2\/pages\/4954\/revisions"}],"predecessor-version":[{"id":5036,"href":"https:\/\/3dmakinakalip.com\/index.php?rest_route=\/wp\/v2\/pages\/4954\/revisions\/5036"}],"wp:attachment":[{"href":"https:\/\/3dmakinakalip.com\/index.php?rest_route=%2Fwp%2Fv2%2Fmedia&parent=4954"}],"curies":[{"name":"wp","href":"https:\/\/api.w.org\/{rel}","templated":true}]}}