{"id":4949,"date":"2024-04-26T11:02:49","date_gmt":"2024-04-26T11:02:49","guid":{"rendered":"https:\/\/3dmakinakalip.com\/?page_id=4949"},"modified":"2024-04-30T14:26:00","modified_gmt":"2024-04-30T14:26:00","slug":"doner-tablali-lastik-takma-makinesi","status":"publish","type":"page","link":"https:\/\/3dmakinakalip.com\/?page_id=4949","title":{"rendered":"D\u00f6ner Tablal\u0131 Lastik Takma Makinesi ( )"},"content":{"rendered":"\t\t<div data-elementor-type=\"wp-page\" data-elementor-id=\"4949\" class=\"elementor elementor-4949\">\n\t\t\t\t<div class=\"elementor-element elementor-element-e35ba54 e-con-full e-flex e-con e-parent\" data-id=\"e35ba54\" data-element_type=\"container\">\n\t\t\t\t<div class=\"elementor-element elementor-element-80c4251 elementor-widget elementor-widget-heading\" data-id=\"80c4251\" data-element_type=\"widget\" data-widget_type=\"heading.default\">\n\t\t\t\t<div class=\"elementor-widget-container\">\n\t\t\t<style>\/*! elementor - v3.21.0 - 25-04-2024 *\/\n.elementor-heading-title{padding:0;margin:0;line-height:1}.elementor-widget-heading .elementor-heading-title[class*=elementor-size-]>a{color:inherit;font-size:inherit;line-height:inherit}.elementor-widget-heading .elementor-heading-title.elementor-size-small{font-size:15px}.elementor-widget-heading .elementor-heading-title.elementor-size-medium{font-size:19px}.elementor-widget-heading .elementor-heading-title.elementor-size-large{font-size:29px}.elementor-widget-heading .elementor-heading-title.elementor-size-xl{font-size:39px}.elementor-widget-heading .elementor-heading-title.elementor-size-xxl{font-size:59px}<\/style><h2 class=\"elementor-heading-title elementor-size-default\">D\u00d6NER TABLALI LAST\u0130K TAKMAK MAK\u0130NASI ( LT-1000)<\/h2>\t\t<\/div>\n\t\t\t\t<\/div>\n\t\t\t\t<div class=\"elementor-element elementor-element-11188ce elementor-widget elementor-widget-image\" data-id=\"11188ce\" data-element_type=\"widget\" data-widget_type=\"image.default\">\n\t\t\t\t<div class=\"elementor-widget-container\">\n\t\t\t<style>\/*! elementor - v3.21.0 - 25-04-2024 *\/\n.elementor-widget-image{text-align:center}.elementor-widget-image a{display:inline-block}.elementor-widget-image a img[src$=\".svg\"]{width:48px}.elementor-widget-image img{vertical-align:middle;display:inline-block}<\/style>\t\t\t\t\t\t\t\t\t\t<img fetchpriority=\"high\" decoding=\"async\" width=\"792\" height=\"446\" src=\"https:\/\/3dmakinakalip.com\/wp-content\/uploads\/2024\/04\/preview.png\" class=\"attachment-full size-full wp-image-5144\" alt=\"\" srcset=\"https:\/\/3dmakinakalip.com\/wp-content\/uploads\/2024\/04\/preview.png 792w, https:\/\/3dmakinakalip.com\/wp-content\/uploads\/2024\/04\/preview-300x169.png 300w, https:\/\/3dmakinakalip.com\/wp-content\/uploads\/2024\/04\/preview-768x432.png 768w\" sizes=\"(max-width: 792px) 100vw, 792px\" \/>\t\t\t\t\t\t\t\t\t\t\t\t\t<\/div>\n\t\t\t\t<\/div>\n\t\t\t\t<div class=\"elementor-element elementor-element-2f33e37 elementor-widget elementor-widget-heading\" data-id=\"2f33e37\" data-element_type=\"widget\" data-widget_type=\"heading.default\">\n\t\t\t\t<div class=\"elementor-widget-container\">\n\t\t\t<h2 class=\"elementor-heading-title elementor-size-default\">MAK\u0130NA HAKKINDA B\u0130LG\u0130<\/h2>\t\t<\/div>\n\t\t\t\t<\/div>\n\t\t<div class=\"elementor-element elementor-element-0e65184 e-flex e-con-boxed e-con e-child\" data-id=\"0e65184\" data-element_type=\"container\">\n\t\t\t\t\t<div class=\"e-con-inner\">\n\t\t<div class=\"elementor-element elementor-element-e13e0bd e-grid e-con-boxed e-con e-child\" data-id=\"e13e0bd\" data-element_type=\"container\">\n\t\t\t\t\t<div class=\"e-con-inner\">\n\t\t\t\t<div class=\"elementor-element elementor-element-6e9f9f0 elementor-widget elementor-widget-image\" data-id=\"6e9f9f0\" data-element_type=\"widget\" data-widget_type=\"image.default\">\n\t\t\t\t<div class=\"elementor-widget-container\">\n\t\t\t\t\t\t\t\t\t\t\t\t\t<img decoding=\"async\" width=\"1648\" height=\"849\" src=\"https:\/\/3dmakinakalip.com\/wp-content\/uploads\/2024\/04\/LT-1000-SON-SEHPA-yan.png\" class=\"attachment-full size-full wp-image-4999\" alt=\"\" srcset=\"https:\/\/3dmakinakalip.com\/wp-content\/uploads\/2024\/04\/LT-1000-SON-SEHPA-yan.png 1648w, https:\/\/3dmakinakalip.com\/wp-content\/uploads\/2024\/04\/LT-1000-SON-SEHPA-yan-300x155.png 300w, https:\/\/3dmakinakalip.com\/wp-content\/uploads\/2024\/04\/LT-1000-SON-SEHPA-yan-1024x528.png 1024w, https:\/\/3dmakinakalip.com\/wp-content\/uploads\/2024\/04\/LT-1000-SON-SEHPA-yan-768x396.png 768w, https:\/\/3dmakinakalip.com\/wp-content\/uploads\/2024\/04\/LT-1000-SON-SEHPA-yan-1536x791.png 1536w\" sizes=\"(max-width: 1648px) 100vw, 1648px\" \/>\t\t\t\t\t\t\t\t\t\t\t\t\t<\/div>\n\t\t\t\t<\/div>\n\t\t\t\t<div class=\"elementor-element elementor-element-d70dd8b elementor-widget elementor-widget-image\" data-id=\"d70dd8b\" data-element_type=\"widget\" data-widget_type=\"image.default\">\n\t\t\t\t<div class=\"elementor-widget-container\">\n\t\t\t\t\t\t\t\t\t\t\t\t\t<img decoding=\"async\" width=\"640\" height=\"330\" src=\"https:\/\/3dmakinakalip.com\/wp-content\/uploads\/2024\/04\/LT-1000-SON-SEHPA-UST-1024x528.png\" class=\"attachment-large size-large wp-image-4998\" alt=\"\" srcset=\"https:\/\/3dmakinakalip.com\/wp-content\/uploads\/2024\/04\/LT-1000-SON-SEHPA-UST-1024x528.png 1024w, https:\/\/3dmakinakalip.com\/wp-content\/uploads\/2024\/04\/LT-1000-SON-SEHPA-UST-300x155.png 300w, https:\/\/3dmakinakalip.com\/wp-content\/uploads\/2024\/04\/LT-1000-SON-SEHPA-UST-768x396.png 768w, https:\/\/3dmakinakalip.com\/wp-content\/uploads\/2024\/04\/LT-1000-SON-SEHPA-UST-1536x791.png 1536w, https:\/\/3dmakinakalip.com\/wp-content\/uploads\/2024\/04\/LT-1000-SON-SEHPA-UST.png 1648w\" sizes=\"(max-width: 640px) 100vw, 640px\" \/>\t\t\t\t\t\t\t\t\t\t\t\t\t<\/div>\n\t\t\t\t<\/div>\n\t\t\t\t<div class=\"elementor-element elementor-element-011d037 elementor-widget elementor-widget-image\" data-id=\"011d037\" data-element_type=\"widget\" data-widget_type=\"image.default\">\n\t\t\t\t<div class=\"elementor-widget-container\">\n\t\t\t\t\t\t\t\t\t\t\t\t\t<img loading=\"lazy\" decoding=\"async\" width=\"1648\" height=\"849\" src=\"https:\/\/3dmakinakalip.com\/wp-content\/uploads\/2024\/04\/LT-1000-SON-SEHPA-carp.png\" class=\"attachment-full size-full wp-image-4997\" alt=\"\" srcset=\"https:\/\/3dmakinakalip.com\/wp-content\/uploads\/2024\/04\/LT-1000-SON-SEHPA-carp.png 1648w, https:\/\/3dmakinakalip.com\/wp-content\/uploads\/2024\/04\/LT-1000-SON-SEHPA-carp-300x155.png 300w, https:\/\/3dmakinakalip.com\/wp-content\/uploads\/2024\/04\/LT-1000-SON-SEHPA-carp-1024x528.png 1024w, https:\/\/3dmakinakalip.com\/wp-content\/uploads\/2024\/04\/LT-1000-SON-SEHPA-carp-768x396.png 768w, https:\/\/3dmakinakalip.com\/wp-content\/uploads\/2024\/04\/LT-1000-SON-SEHPA-carp-1536x791.png 1536w\" sizes=\"(max-width: 1648px) 100vw, 1648px\" \/>\t\t\t\t\t\t\t\t\t\t\t\t\t<\/div>\n\t\t\t\t<\/div>\n\t\t\t\t<div class=\"elementor-element elementor-element-43c9f12 elementor-widget elementor-widget-image\" data-id=\"43c9f12\" data-element_type=\"widget\" data-widget_type=\"image.default\">\n\t\t\t\t<div class=\"elementor-widget-container\">\n\t\t\t\t\t\t\t\t\t\t\t\t\t<img loading=\"lazy\" decoding=\"async\" width=\"1648\" height=\"849\" src=\"https:\/\/3dmakinakalip.com\/wp-content\/uploads\/2024\/04\/LT-1000-SON-SEHPA.png\" class=\"attachment-full size-full wp-image-4996\" alt=\"\" srcset=\"https:\/\/3dmakinakalip.com\/wp-content\/uploads\/2024\/04\/LT-1000-SON-SEHPA.png 1648w, https:\/\/3dmakinakalip.com\/wp-content\/uploads\/2024\/04\/LT-1000-SON-SEHPA-300x155.png 300w, https:\/\/3dmakinakalip.com\/wp-content\/uploads\/2024\/04\/LT-1000-SON-SEHPA-1024x528.png 1024w, https:\/\/3dmakinakalip.com\/wp-content\/uploads\/2024\/04\/LT-1000-SON-SEHPA-768x396.png 768w, https:\/\/3dmakinakalip.com\/wp-content\/uploads\/2024\/04\/LT-1000-SON-SEHPA-1536x791.png 1536w\" sizes=\"(max-width: 1648px) 100vw, 1648px\" \/>\t\t\t\t\t\t\t\t\t\t\t\t\t<\/div>\n\t\t\t\t<\/div>\n\t\t\t\t\t<\/div>\n\t\t\t\t<\/div>\n\t\t\t\t\t<\/div>\n\t\t\t\t<\/div>\n\t\t\t\t<div class=\"elementor-element elementor-element-01d0127 elementor-widget elementor-widget-text-editor\" data-id=\"01d0127\" data-element_type=\"widget\" data-widget_type=\"text-editor.default\">\n\t\t\t\t<div class=\"elementor-widget-container\">\n\t\t\t<style>\/*! elementor - v3.21.0 - 25-04-2024 *\/\n.elementor-widget-text-editor.elementor-drop-cap-view-stacked .elementor-drop-cap{background-color:#69727d;color:#fff}.elementor-widget-text-editor.elementor-drop-cap-view-framed .elementor-drop-cap{color:#69727d;border:3px solid;background-color:transparent}.elementor-widget-text-editor:not(.elementor-drop-cap-view-default) .elementor-drop-cap{margin-top:8px}.elementor-widget-text-editor:not(.elementor-drop-cap-view-default) .elementor-drop-cap-letter{width:1em;height:1em}.elementor-widget-text-editor .elementor-drop-cap{float:left;text-align:center;line-height:1;font-size:50px}.elementor-widget-text-editor .elementor-drop-cap-letter{display:inline-block}<\/style>\t\t\t\t<p style=\"text-align: left;\" data-sourcepos=\"3:1-3:282\">3D Makina Kal\u0131p\u2019\u0131n \u00fcretti\u011fi Dogalgaz kelep\u00e7esi lastik takma makinas\u0131 LT-1000 modeli: Do\u011falgaz kelep\u00e7elerinin ses ve titre\u015fim izat\u00f6l\u00f6r\u00fc olarak kullan\u0131lan ve baz\u0131 \u00e7e\u015fitli hammaddelerden \u00fcretilen lasti\u011fin kapak ve g\u00f6vde \u00fczerine takma i\u015flemini yapan\u00a0 tam otomatik modelidir.Kompakt tasar\u0131m\u0131yla LT-1000 do\u011falgaz kelep\u00e7esi \u00fcreticelerinin tercih sebebi olarak az yer ve h\u0131zl\u0131 \u00e7al\u0131\u015fmas\u0131ndan kaynakl\u0131d\u0131r.<\/p><p style=\"text-align: left;\" data-sourcepos=\"5:1-5:26\"><span style=\"color: #000000;\"><strong>Lastik Takma Makinas\u0131 ( LT-1000)&#8217;\u00fcn \u00d6zellikleri:<\/strong><\/span><\/p><ul><li>H\u0131zl\u0131 ve kolay kelep\u00e7e lastik takma<\/li><li>\u0130\u015flem h\u0131z\u0131 (2,5 Sn\/1tk)<\/li><li>Kompakt tasar\u0131m<\/li><li>Dar alanlarda kolay kullan\u0131m<\/li><li>G\u00fc\u00e7l\u00fc ve sa\u011flam yap\u0131<\/li><li>7\u201dDokunmatik ekran<\/li><li>D\u00f6ner Tabla 8 istasyon<\/li><li>Siemens schneider delta otomasyon \u00fcr\u00fcnleri<\/li><li>Piyano pano<\/li><li>Dil \u015fe\u00e7enegi<\/li><li>Kolay ayarlanablibir kelep\u00e7e aparat\u0131<\/li><li>Yaglama \u00fcnitesi<\/li><li>Manuel y\u00fckleme otomatik bo\u015faltma<\/li><li>Opsiyonel 20mm\/25mm\/30mm\/40mm\/50mm bant geni\u015fli\u011fi<\/li><li>150Cm X 150 Cm X 175 Cm<\/li><li>A\u011f\u0131rl\u0131k 700 Kg<\/li><li>CE ve EAC Sertifikas\u0131<\/li><\/ul><p style=\"text-align: left;\" data-sourcepos=\"16:1-16:24\"><span style=\"color: #000000;\"><strong>Lastik Takma Makinas\u0131 ( LT-1000)&#8217;\u00fcn Avantajlar\u0131:<\/strong><\/span><\/p><ul data-sourcepos=\"18:1-23:0\"><li style=\"text-align: left;\" data-sourcepos=\"18:1-18:26\"><span style=\"color: #000000;\">Zamandan tasarruf sa\u011flar<\/span><\/li><li style=\"text-align: left;\" data-sourcepos=\"19:1-19:18\"><span style=\"color: #000000;\">\u0130\u015fg\u00fcc\u00fcn\u00fc azalt\u0131r<\/span><\/li><li style=\"text-align: left;\" data-sourcepos=\"20:1-20:24\"><span style=\"color: #000000;\">Kelep\u00e7e hasar\u0131n\u0131 \u00f6nler<\/span><\/li><li style=\"text-align: left;\" data-sourcepos=\"21:1-21:29\"><span style=\"color: #000000;\">\u0130\u015fyerinde g\u00fcvenli\u011fi art\u0131r\u0131r<\/span><\/li><li style=\"text-align: left;\" data-sourcepos=\"22:1-23:0\"><span style=\"color: #000000;\">Verimlili\u011fi art\u0131r\u0131r<\/span><\/li><\/ul>\t\t\t\t\t\t<\/div>\n\t\t\t\t<\/div>\n\t\t\t\t<\/div>\n\t\t<div class=\"elementor-element elementor-element-128a90f e-flex e-con-boxed e-con e-parent\" data-id=\"128a90f\" data-element_type=\"container\">\n\t\t\t\t\t<div class=\"e-con-inner\">\n\t\t\t\t<div class=\"elementor-element elementor-element-7b93a08 elementor-widget elementor-widget-video\" data-id=\"7b93a08\" data-element_type=\"widget\" data-settings=\"{&quot;youtube_url&quot;:&quot;https:\\\/\\\/www.youtube.com\\\/watch?v=dSoVcwSWAtE&quot;,&quot;modestbranding&quot;:&quot;yes&quot;,&quot;video_type&quot;:&quot;youtube&quot;,&quot;controls&quot;:&quot;yes&quot;}\" data-widget_type=\"video.default\">\n\t\t\t\t<div class=\"elementor-widget-container\">\n\t\t\t<style>\/*! elementor - v3.21.0 - 25-04-2024 *\/\n.elementor-widget-video .elementor-widget-container{overflow:hidden;transform:translateZ(0)}.elementor-widget-video .elementor-wrapper{aspect-ratio:var(--video-aspect-ratio)}.elementor-widget-video .elementor-wrapper iframe,.elementor-widget-video .elementor-wrapper video{height:100%;width:100%;display:flex;border:none;background-color:#000}@supports not (aspect-ratio:1\/1){.elementor-widget-video .elementor-wrapper{position:relative;overflow:hidden;height:0;padding-bottom:calc(100% \/ var(--video-aspect-ratio))}.elementor-widget-video .elementor-wrapper iframe,.elementor-widget-video .elementor-wrapper video{position:absolute;top:0;right:0;bottom:0;left:0}}.elementor-widget-video .elementor-open-inline .elementor-custom-embed-image-overlay{position:absolute;top:0;right:0;bottom:0;left:0;background-size:cover;background-position:50%}.elementor-widget-video .elementor-custom-embed-image-overlay{cursor:pointer;text-align:center}.elementor-widget-video .elementor-custom-embed-image-overlay:hover .elementor-custom-embed-play i{opacity:1}.elementor-widget-video .elementor-custom-embed-image-overlay img{display:block;width:100%;aspect-ratio:var(--video-aspect-ratio);-o-object-fit:cover;object-fit:cover;-o-object-position:center center;object-position:center center}@supports not (aspect-ratio:1\/1){.elementor-widget-video .elementor-custom-embed-image-overlay{position:relative;overflow:hidden;height:0;padding-bottom:calc(100% \/ var(--video-aspect-ratio))}.elementor-widget-video .elementor-custom-embed-image-overlay img{position:absolute;top:0;right:0;bottom:0;left:0}}.elementor-widget-video .e-hosted-video .elementor-video{-o-object-fit:cover;object-fit:cover}.e-con-inner>.elementor-widget-video,.e-con>.elementor-widget-video{width:var(--container-widget-width);--flex-grow:var(--container-widget-flex-grow)}<\/style>\t\t<div class=\"elementor-wrapper elementor-open-inline\">\n\t\t\t<div class=\"elementor-video\"><\/div>\t\t<\/div>\n\t\t\t\t<\/div>\n\t\t\t\t<\/div>\n\t\t\t\t\t<\/div>\n\t\t\t\t<\/div>\n\t\t\t\t<section class=\"elementor-section elementor-top-section elementor-element elementor-element-94ce2a4 elementor-section-full_width elementor-section-stretched elementor-section-height-default elementor-section-height-default\" data-id=\"94ce2a4\" data-element_type=\"section\" data-settings=\"{&quot;stretch_section&quot;:&quot;section-stretched&quot;}\">\n\t\t\t\t\t\t<div class=\"elementor-container elementor-column-gap-no\">\n\t\t\t\t\t<div class=\"elementor-column elementor-col-100 elementor-top-column elementor-element elementor-element-1d5d028\" data-id=\"1d5d028\" data-element_type=\"column\">\n\t\t\t<div class=\"elementor-widget-wrap elementor-element-populated\">\n\t\t\t\t\t\t<div class=\"elementor-element elementor-element-12b3993 elementor-widget elementor-widget-tp-cta\" data-id=\"12b3993\" data-element_type=\"widget\" data-widget_type=\"tp-cta.default\">\n\t\t\t\t<div class=\"elementor-widget-container\">\n\t\t\t\n\n<div class=\"tp-news-letter-area tp-news-letter-bg pt-200 pb-150 ele-section\"\nstyle=\"background: url(https:\/\/3dmakinakalip.com\/wp-content\/uploads\/2022\/10\/news-bg-150x150.jpg);  \">\n\n    <div class=\"container\">\n        <div class=\"row justify-content-center\">\n            <div class=\"col-xl-8 col-lg-8 col-md-12 \">\n                <div class=\"tp-news-sub-wrapper \">\n                    <div class=\"tp-news-letter-section-box\">\n\n                        \n                        <h2 class=\"tp-title-sm tp-title-sm tp-white-text pb-30 ele-heading\">Daha Fazla Bilgi \u0130\u00e7in Katalo\u011fumuza Bakabilirsiniz<\/h2>\n                        \n                    <\/div>\n\n                                        <div class=\"tp-news-button\">\n                        <a href=\"https:\/\/3dmakinakalip.com\/?page_id=59\" target=\"_self\" rel=\"nofollow\" class=\"tp-btn-lg-yellow ele-button\">E-KATALOG<\/a>\n                    <\/div>\n                    \n                <\/div>\n            <\/div>\n        <\/div>\n    <\/div>\n<\/div>\n\n\t\t<\/div>\n\t\t\t\t<\/div>\n\t\t\t\t\t<\/div>\n\t\t<\/div>\n\t\t\t\t\t<\/div>\n\t\t<\/section>\n\t\t\t\t<\/div>\n\t\t","protected":false},"excerpt":{"rendered":"<p>D\u00d6NER TABLALI LAST\u0130K TAKMAK MAK\u0130NASI ( LT-1000) MAK\u0130NA HAKKINDA B\u0130LG\u0130 3D Makina Kal\u0131p\u2019\u0131n \u00fcretti\u011fi Dogalgaz kelep\u00e7esi lastik takma makinas\u0131 LT-1000 modeli: Do\u011falgaz kelep\u00e7elerinin ses ve titre\u015fim izat\u00f6l\u00f6r\u00fc olarak kullan\u0131lan ve baz\u0131 \u00e7e\u015fitli hammaddelerden \u00fcretilen lasti\u011fin kapak ve g\u00f6vde \u00fczerine takma i\u015flemini yapan\u00a0 tam otomatik modelidir.Kompakt tasar\u0131m\u0131yla LT-1000 do\u011falgaz kelep\u00e7esi \u00fcreticelerinin tercih sebebi olarak az yer [&hellip;]<\/p>\n","protected":false},"author":2,"featured_media":0,"parent":0,"menu_order":0,"comment_status":"closed","ping_status":"closed","template":"","meta":{"_monsterinsights_skip_tracking":false,"_monsterinsights_sitenote_active":false,"_monsterinsights_sitenote_note":"","_monsterinsights_sitenote_category":0,"footnotes":""},"class_list":["post-4949","page","type-page","status-publish","hentry"],"acf":[],"aioseo_notices":[],"lang":"tr","translations":{"tr":4949},"jetpack_sharing_enabled":true,"pll_sync_post":[],"_links":{"self":[{"href":"https:\/\/3dmakinakalip.com\/index.php?rest_route=\/wp\/v2\/pages\/4949","targetHints":{"allow":["GET"]}}],"collection":[{"href":"https:\/\/3dmakinakalip.com\/index.php?rest_route=\/wp\/v2\/pages"}],"about":[{"href":"https:\/\/3dmakinakalip.com\/index.php?rest_route=\/wp\/v2\/types\/page"}],"author":[{"embeddable":true,"href":"https:\/\/3dmakinakalip.com\/index.php?rest_route=\/wp\/v2\/users\/2"}],"replies":[{"embeddable":true,"href":"https:\/\/3dmakinakalip.com\/index.php?rest_route=%2Fwp%2Fv2%2Fcomments&post=4949"}],"version-history":[{"count":28,"href":"https:\/\/3dmakinakalip.com\/index.php?rest_route=\/wp\/v2\/pages\/4949\/revisions"}],"predecessor-version":[{"id":5193,"href":"https:\/\/3dmakinakalip.com\/index.php?rest_route=\/wp\/v2\/pages\/4949\/revisions\/5193"}],"wp:attachment":[{"href":"https:\/\/3dmakinakalip.com\/index.php?rest_route=%2Fwp%2Fv2%2Fmedia&parent=4949"}],"curies":[{"name":"wp","href":"https:\/\/api.w.org\/{rel}","templated":true}]}}