{"id":4945,"date":"2024-04-26T11:01:16","date_gmt":"2024-04-26T11:01:16","guid":{"rendered":"https:\/\/3dmakinakalip.com\/?page_id=4945"},"modified":"2024-04-30T14:22:45","modified_gmt":"2024-04-30T14:22:45","slug":"k-lastik-takma-makinesi-lt-500","status":"publish","type":"page","link":"https:\/\/3dmakinakalip.com\/?page_id=4945","title":{"rendered":"K-Lastik Takma Makinesi ( LT-500 )"},"content":{"rendered":"\t\t<div data-elementor-type=\"wp-page\" data-elementor-id=\"4945\" class=\"elementor elementor-4945\">\n\t\t\t\t<div class=\"elementor-element elementor-element-fe86465 e-con-full e-flex e-con e-parent\" data-id=\"fe86465\" data-element_type=\"container\">\n\t\t\t\t<div class=\"elementor-element elementor-element-b7913be elementor-widget elementor-widget-heading\" data-id=\"b7913be\" data-element_type=\"widget\" data-widget_type=\"heading.default\">\n\t\t\t\t<div class=\"elementor-widget-container\">\n\t\t\t<style>\/*! elementor - v3.21.0 - 25-04-2024 *\/\n.elementor-heading-title{padding:0;margin:0;line-height:1}.elementor-widget-heading .elementor-heading-title[class*=elementor-size-]>a{color:inherit;font-size:inherit;line-height:inherit}.elementor-widget-heading .elementor-heading-title.elementor-size-small{font-size:15px}.elementor-widget-heading .elementor-heading-title.elementor-size-medium{font-size:19px}.elementor-widget-heading .elementor-heading-title.elementor-size-large{font-size:29px}.elementor-widget-heading .elementor-heading-title.elementor-size-xl{font-size:39px}.elementor-widget-heading .elementor-heading-title.elementor-size-xxl{font-size:59px}<\/style><h2 class=\"elementor-heading-title elementor-size-default\">LAST\u0130K TAKMAK MAK\u0130NASI ( LT-500)<\/h2>\t\t<\/div>\n\t\t\t\t<\/div>\n\t\t\t\t<div class=\"elementor-element elementor-element-534a723 elementor-widget elementor-widget-image\" data-id=\"534a723\" data-element_type=\"widget\" data-widget_type=\"image.default\">\n\t\t\t\t<div class=\"elementor-widget-container\">\n\t\t\t<style>\/*! elementor - v3.21.0 - 25-04-2024 *\/\n.elementor-widget-image{text-align:center}.elementor-widget-image a{display:inline-block}.elementor-widget-image a img[src$=\".svg\"]{width:48px}.elementor-widget-image img{vertical-align:middle;display:inline-block}<\/style>\t\t\t\t\t\t\t\t\t\t<img fetchpriority=\"high\" decoding=\"async\" width=\"1648\" height=\"849\" src=\"https:\/\/3dmakinakalip.com\/wp-content\/uploads\/2024\/04\/LT-500-1000-CAPRAZ.png\" class=\"attachment-full size-full wp-image-4981\" alt=\"\" srcset=\"https:\/\/3dmakinakalip.com\/wp-content\/uploads\/2024\/04\/LT-500-1000-CAPRAZ.png 1648w, https:\/\/3dmakinakalip.com\/wp-content\/uploads\/2024\/04\/LT-500-1000-CAPRAZ-300x155.png 300w, https:\/\/3dmakinakalip.com\/wp-content\/uploads\/2024\/04\/LT-500-1000-CAPRAZ-1024x528.png 1024w, https:\/\/3dmakinakalip.com\/wp-content\/uploads\/2024\/04\/LT-500-1000-CAPRAZ-768x396.png 768w, https:\/\/3dmakinakalip.com\/wp-content\/uploads\/2024\/04\/LT-500-1000-CAPRAZ-1536x791.png 1536w\" sizes=\"(max-width: 1648px) 100vw, 1648px\" \/>\t\t\t\t\t\t\t\t\t\t\t\t\t<\/div>\n\t\t\t\t<\/div>\n\t\t\t\t<div class=\"elementor-element elementor-element-96fd3ee elementor-widget elementor-widget-heading\" data-id=\"96fd3ee\" data-element_type=\"widget\" data-widget_type=\"heading.default\">\n\t\t\t\t<div class=\"elementor-widget-container\">\n\t\t\t<h2 class=\"elementor-heading-title elementor-size-default\">MAK\u0130NA HAKKINDA B\u0130LG\u0130<\/h2>\t\t<\/div>\n\t\t\t\t<\/div>\n\t\t\t\t<div class=\"elementor-element elementor-element-d5622c2 elementor-widget elementor-widget-text-editor\" data-id=\"d5622c2\" data-element_type=\"widget\" data-widget_type=\"text-editor.default\">\n\t\t\t\t<div class=\"elementor-widget-container\">\n\t\t\t<style>\/*! elementor - v3.21.0 - 25-04-2024 *\/\n.elementor-widget-text-editor.elementor-drop-cap-view-stacked .elementor-drop-cap{background-color:#69727d;color:#fff}.elementor-widget-text-editor.elementor-drop-cap-view-framed .elementor-drop-cap{color:#69727d;border:3px solid;background-color:transparent}.elementor-widget-text-editor:not(.elementor-drop-cap-view-default) .elementor-drop-cap{margin-top:8px}.elementor-widget-text-editor:not(.elementor-drop-cap-view-default) .elementor-drop-cap-letter{width:1em;height:1em}.elementor-widget-text-editor .elementor-drop-cap{float:left;text-align:center;line-height:1;font-size:50px}.elementor-widget-text-editor .elementor-drop-cap-letter{display:inline-block}<\/style>\t\t\t\t<p>3D Makina Kal\u0131p&#8217;\u0131n \u00fcretti\u011fi Dogalgaz kelep\u00e7esi lastik takma makinas\u0131 LT-500 modeli: Do\u011falgaz kelep\u00e7elerinin ses ve titre\u015fim izat\u00f6l\u00f6r\u00fc olarak kullan\u0131lan ve baz\u0131 \u00e7e\u015fitli hammaddelerden \u00fcretilen lasti\u011fin kapak ve g\u00f6vde \u00fczerine takma i\u015flemini yapan\u00a0 yar\u0131 otomatik modelidir.Kompakt tasar\u0131m\u0131yla LT-500 do\u011falgaz kelep\u00e7esi \u00fcreticelerinin tercih sebebi olarak az yer ve h\u0131zl\u0131 \u00e7al\u0131\u015fmas\u0131ndan kaynakl\u0131d\u0131r.<\/p><p>Lastik Takma Makinas\u0131 ( LT-500)&#8217;\u00fcn \u00d6zellikleri:<\/p><ul><li>H\u0131zl\u0131 ve kolay kelep\u00e7e lastik takma<\/li><li>\u0130\u015flem h\u0131z\u0131 (2,5 Sn\/1tk)<\/li><li>Kompakt tasar\u0131m<\/li><li>Dar alanlarda kolay kullan\u0131m<\/li><li>G\u00fc\u00e7l\u00fc ve sa\u011flam yap\u0131<\/li><li>7&#8221;Dokunmatik ekran<\/li><li>Siemens schneider delta otomasyon \u00fcr\u00fcnleri<\/li><li>Piyano pano<\/li><li>Dil \u015fe\u00e7enegi<\/li><li>Kolay ayarlanablibir kelep\u00e7e aparat\u0131<\/li><li>Yaglama \u00fcnitesi<\/li><li>Manuel y\u00fckleme ve bo\u015faltma<\/li><li>Opsiyonel 20mm\/25mm\/30mm\/40mm\/50mm bant geni\u015fli\u011fi<\/li><li>150Cm X 100 Cm X 175 Cm<\/li><li>Ag\u0131rl\u0131k 300 Kg<\/li><li>CE ve EAC Sertifikas\u0131<\/li><\/ul><p>Lastik Takma Makinas\u0131 ( LT-500)&#8217;\u00fcn Avantajlar\u0131:<\/p><ul><li>Zamandan tasarruf sa\u011flar<\/li><li>\u0130\u015fg\u00fcc\u00fcn\u00fc azalt\u0131r<\/li><li>Verimlili\u011fi art\u0131r\u0131r<\/li><li>H\u0131zl\u0131 montaj saglar<\/li><\/ul>\t\t\t\t\t\t<\/div>\n\t\t\t\t<\/div>\n\t\t<div class=\"elementor-element elementor-element-a275665 e-flex e-con-boxed e-con e-child\" data-id=\"a275665\" data-element_type=\"container\">\n\t\t\t\t\t<div class=\"e-con-inner\">\n\t\t<div class=\"elementor-element elementor-element-ae1486a e-grid e-con-boxed e-con e-child\" data-id=\"ae1486a\" data-element_type=\"container\">\n\t\t\t\t\t<div class=\"e-con-inner\">\n\t\t\t\t<div class=\"elementor-element elementor-element-3a195c6 elementor-widget elementor-widget-image\" data-id=\"3a195c6\" data-element_type=\"widget\" data-widget_type=\"image.default\">\n\t\t\t\t<div class=\"elementor-widget-container\">\n\t\t\t\t\t\t\t\t\t\t\t\t\t<img decoding=\"async\" width=\"1648\" height=\"849\" src=\"https:\/\/3dmakinakalip.com\/wp-content\/uploads\/2024\/04\/LT-500-1000-ON-1.png\" class=\"attachment-full size-full wp-image-4987\" alt=\"\" srcset=\"https:\/\/3dmakinakalip.com\/wp-content\/uploads\/2024\/04\/LT-500-1000-ON-1.png 1648w, https:\/\/3dmakinakalip.com\/wp-content\/uploads\/2024\/04\/LT-500-1000-ON-1-300x155.png 300w, https:\/\/3dmakinakalip.com\/wp-content\/uploads\/2024\/04\/LT-500-1000-ON-1-1024x528.png 1024w, https:\/\/3dmakinakalip.com\/wp-content\/uploads\/2024\/04\/LT-500-1000-ON-1-768x396.png 768w, https:\/\/3dmakinakalip.com\/wp-content\/uploads\/2024\/04\/LT-500-1000-ON-1-1536x791.png 1536w\" sizes=\"(max-width: 1648px) 100vw, 1648px\" \/>\t\t\t\t\t\t\t\t\t\t\t\t\t<\/div>\n\t\t\t\t<\/div>\n\t\t\t\t<div class=\"elementor-element elementor-element-1227510 elementor-widget elementor-widget-image\" data-id=\"1227510\" data-element_type=\"widget\" data-widget_type=\"image.default\">\n\t\t\t\t<div class=\"elementor-widget-container\">\n\t\t\t\t\t\t\t\t\t\t\t\t\t<img decoding=\"async\" width=\"640\" height=\"330\" src=\"https:\/\/3dmakinakalip.com\/wp-content\/uploads\/2024\/04\/LT-500-1000-UST-1024x528.png\" class=\"attachment-large size-large wp-image-4983\" alt=\"\" srcset=\"https:\/\/3dmakinakalip.com\/wp-content\/uploads\/2024\/04\/LT-500-1000-UST-1024x528.png 1024w, https:\/\/3dmakinakalip.com\/wp-content\/uploads\/2024\/04\/LT-500-1000-UST-300x155.png 300w, https:\/\/3dmakinakalip.com\/wp-content\/uploads\/2024\/04\/LT-500-1000-UST-768x396.png 768w, https:\/\/3dmakinakalip.com\/wp-content\/uploads\/2024\/04\/LT-500-1000-UST-1536x791.png 1536w, https:\/\/3dmakinakalip.com\/wp-content\/uploads\/2024\/04\/LT-500-1000-UST.png 1648w\" sizes=\"(max-width: 640px) 100vw, 640px\" \/>\t\t\t\t\t\t\t\t\t\t\t\t\t<\/div>\n\t\t\t\t<\/div>\n\t\t\t\t<div class=\"elementor-element elementor-element-468856d elementor-widget elementor-widget-image\" data-id=\"468856d\" data-element_type=\"widget\" data-widget_type=\"image.default\">\n\t\t\t\t<div class=\"elementor-widget-container\">\n\t\t\t\t\t\t\t\t\t\t\t\t\t<img loading=\"lazy\" decoding=\"async\" width=\"1648\" height=\"849\" src=\"https:\/\/3dmakinakalip.com\/wp-content\/uploads\/2024\/04\/LT-500-1000-YAN-1.png\" class=\"attachment-full size-full wp-image-4986\" alt=\"\" srcset=\"https:\/\/3dmakinakalip.com\/wp-content\/uploads\/2024\/04\/LT-500-1000-YAN-1.png 1648w, https:\/\/3dmakinakalip.com\/wp-content\/uploads\/2024\/04\/LT-500-1000-YAN-1-300x155.png 300w, https:\/\/3dmakinakalip.com\/wp-content\/uploads\/2024\/04\/LT-500-1000-YAN-1-1024x528.png 1024w, https:\/\/3dmakinakalip.com\/wp-content\/uploads\/2024\/04\/LT-500-1000-YAN-1-768x396.png 768w, https:\/\/3dmakinakalip.com\/wp-content\/uploads\/2024\/04\/LT-500-1000-YAN-1-1536x791.png 1536w\" sizes=\"(max-width: 1648px) 100vw, 1648px\" \/>\t\t\t\t\t\t\t\t\t\t\t\t\t<\/div>\n\t\t\t\t<\/div>\n\t\t\t\t<div class=\"elementor-element elementor-element-2704cce elementor-widget elementor-widget-image\" data-id=\"2704cce\" data-element_type=\"widget\" data-widget_type=\"image.default\">\n\t\t\t\t<div class=\"elementor-widget-container\">\n\t\t\t\t\t\t\t\t\t\t\t\t\t<img loading=\"lazy\" decoding=\"async\" width=\"1648\" height=\"849\" src=\"https:\/\/3dmakinakalip.com\/wp-content\/uploads\/2024\/04\/LT-500-1000-CAPRAZ-1.png\" class=\"attachment-full size-full wp-image-4985\" alt=\"\" srcset=\"https:\/\/3dmakinakalip.com\/wp-content\/uploads\/2024\/04\/LT-500-1000-CAPRAZ-1.png 1648w, https:\/\/3dmakinakalip.com\/wp-content\/uploads\/2024\/04\/LT-500-1000-CAPRAZ-1-300x155.png 300w, https:\/\/3dmakinakalip.com\/wp-content\/uploads\/2024\/04\/LT-500-1000-CAPRAZ-1-1024x528.png 1024w, https:\/\/3dmakinakalip.com\/wp-content\/uploads\/2024\/04\/LT-500-1000-CAPRAZ-1-768x396.png 768w, https:\/\/3dmakinakalip.com\/wp-content\/uploads\/2024\/04\/LT-500-1000-CAPRAZ-1-1536x791.png 1536w\" sizes=\"(max-width: 1648px) 100vw, 1648px\" \/>\t\t\t\t\t\t\t\t\t\t\t\t\t<\/div>\n\t\t\t\t<\/div>\n\t\t\t\t\t<\/div>\n\t\t\t\t<\/div>\n\t\t\t\t\t<\/div>\n\t\t\t\t<\/div>\n\t\t\t\t<\/div>\n\t\t<div class=\"elementor-element elementor-element-f9e8b24 e-flex e-con-boxed e-con e-parent\" data-id=\"f9e8b24\" data-element_type=\"container\">\n\t\t\t\t\t<div class=\"e-con-inner\">\n\t\t\t\t<div class=\"elementor-element elementor-element-e830227 elementor-widget elementor-widget-video\" data-id=\"e830227\" data-element_type=\"widget\" data-settings=\"{&quot;youtube_url&quot;:&quot;https:\\\/\\\/www.youtube.com\\\/watch?v=g5Ix0xX2tlk&quot;,&quot;video_type&quot;:&quot;youtube&quot;,&quot;controls&quot;:&quot;yes&quot;}\" data-widget_type=\"video.default\">\n\t\t\t\t<div class=\"elementor-widget-container\">\n\t\t\t<style>\/*! elementor - v3.21.0 - 25-04-2024 *\/\n.elementor-widget-video .elementor-widget-container{overflow:hidden;transform:translateZ(0)}.elementor-widget-video .elementor-wrapper{aspect-ratio:var(--video-aspect-ratio)}.elementor-widget-video .elementor-wrapper iframe,.elementor-widget-video .elementor-wrapper video{height:100%;width:100%;display:flex;border:none;background-color:#000}@supports not (aspect-ratio:1\/1){.elementor-widget-video .elementor-wrapper{position:relative;overflow:hidden;height:0;padding-bottom:calc(100% \/ var(--video-aspect-ratio))}.elementor-widget-video .elementor-wrapper iframe,.elementor-widget-video .elementor-wrapper video{position:absolute;top:0;right:0;bottom:0;left:0}}.elementor-widget-video .elementor-open-inline .elementor-custom-embed-image-overlay{position:absolute;top:0;right:0;bottom:0;left:0;background-size:cover;background-position:50%}.elementor-widget-video .elementor-custom-embed-image-overlay{cursor:pointer;text-align:center}.elementor-widget-video .elementor-custom-embed-image-overlay:hover .elementor-custom-embed-play i{opacity:1}.elementor-widget-video .elementor-custom-embed-image-overlay img{display:block;width:100%;aspect-ratio:var(--video-aspect-ratio);-o-object-fit:cover;object-fit:cover;-o-object-position:center center;object-position:center center}@supports not (aspect-ratio:1\/1){.elementor-widget-video .elementor-custom-embed-image-overlay{position:relative;overflow:hidden;height:0;padding-bottom:calc(100% \/ var(--video-aspect-ratio))}.elementor-widget-video .elementor-custom-embed-image-overlay img{position:absolute;top:0;right:0;bottom:0;left:0}}.elementor-widget-video .e-hosted-video .elementor-video{-o-object-fit:cover;object-fit:cover}.e-con-inner>.elementor-widget-video,.e-con>.elementor-widget-video{width:var(--container-widget-width);--flex-grow:var(--container-widget-flex-grow)}<\/style>\t\t<div class=\"elementor-wrapper elementor-open-inline\">\n\t\t\t<div class=\"elementor-video\"><\/div>\t\t<\/div>\n\t\t\t\t<\/div>\n\t\t\t\t<\/div>\n\t\t\t\t<div class=\"elementor-element elementor-element-bd33912 elementor-widget elementor-widget-video\" data-id=\"bd33912\" data-element_type=\"widget\" data-settings=\"{&quot;youtube_url&quot;:&quot;https:\\\/\\\/www.youtube.com\\\/watch?v=jRnJ5xSPLUs&quot;,&quot;modestbranding&quot;:&quot;yes&quot;,&quot;video_type&quot;:&quot;youtube&quot;,&quot;controls&quot;:&quot;yes&quot;}\" data-widget_type=\"video.default\">\n\t\t\t\t<div class=\"elementor-widget-container\">\n\t\t\t\t\t<div class=\"elementor-wrapper elementor-open-inline\">\n\t\t\t<div class=\"elementor-video\"><\/div>\t\t<\/div>\n\t\t\t\t<\/div>\n\t\t\t\t<\/div>\n\t\t\t\t\t<\/div>\n\t\t\t\t<\/div>\n\t\t\t\t<section class=\"elementor-section elementor-top-section elementor-element elementor-element-bcd9292 elementor-section-full_width elementor-section-stretched elementor-section-height-default elementor-section-height-default\" data-id=\"bcd9292\" data-element_type=\"section\" data-settings=\"{&quot;stretch_section&quot;:&quot;section-stretched&quot;}\">\n\t\t\t\t\t\t<div class=\"elementor-container elementor-column-gap-no\">\n\t\t\t\t\t<div class=\"elementor-column elementor-col-100 elementor-top-column elementor-element elementor-element-34197b0\" data-id=\"34197b0\" data-element_type=\"column\">\n\t\t\t<div class=\"elementor-widget-wrap elementor-element-populated\">\n\t\t\t\t\t\t<div class=\"elementor-element elementor-element-6acf11c elementor-widget elementor-widget-tp-cta\" data-id=\"6acf11c\" data-element_type=\"widget\" data-widget_type=\"tp-cta.default\">\n\t\t\t\t<div class=\"elementor-widget-container\">\n\t\t\t\n\n<div class=\"tp-news-letter-area tp-news-letter-bg pt-200 pb-150 ele-section\"\nstyle=\"background: url(https:\/\/3dmakinakalip.com\/wp-content\/uploads\/2022\/10\/news-bg-150x150.jpg);  \">\n\n    <div class=\"container\">\n        <div class=\"row justify-content-center\">\n            <div class=\"col-xl-8 col-lg-8 col-md-12 \">\n                <div class=\"tp-news-sub-wrapper \">\n                    <div class=\"tp-news-letter-section-box\">\n\n                        \n                        <h2 class=\"tp-title-sm tp-title-sm tp-white-text pb-30 ele-heading\">Daha Fazla Bilgi \u0130\u00e7in Katalo\u011fumuza Bakabilirsiniz<\/h2>\n                        \n                    <\/div>\n\n                                        <div class=\"tp-news-button\">\n                        <a href=\"https:\/\/3dmakinakalip.com\/?page_id=59\" target=\"_self\" rel=\"nofollow\" class=\"tp-btn-lg-yellow ele-button\">E-KATALOG<\/a>\n                    <\/div>\n                    \n                <\/div>\n            <\/div>\n        <\/div>\n    <\/div>\n<\/div>\n\n\t\t<\/div>\n\t\t\t\t<\/div>\n\t\t\t\t\t<\/div>\n\t\t<\/div>\n\t\t\t\t\t<\/div>\n\t\t<\/section>\n\t\t\t\t<\/div>\n\t\t","protected":false},"excerpt":{"rendered":"<p>LAST\u0130K TAKMAK MAK\u0130NASI ( LT-500) MAK\u0130NA HAKKINDA B\u0130LG\u0130 3D Makina Kal\u0131p&#8217;\u0131n \u00fcretti\u011fi Dogalgaz kelep\u00e7esi lastik takma makinas\u0131 LT-500 modeli: Do\u011falgaz kelep\u00e7elerinin ses ve titre\u015fim izat\u00f6l\u00f6r\u00fc olarak kullan\u0131lan ve baz\u0131 \u00e7e\u015fitli hammaddelerden \u00fcretilen lasti\u011fin kapak ve g\u00f6vde \u00fczerine takma i\u015flemini yapan\u00a0 yar\u0131 otomatik modelidir.Kompakt tasar\u0131m\u0131yla LT-500 do\u011falgaz kelep\u00e7esi \u00fcreticelerinin tercih sebebi olarak az yer ve h\u0131zl\u0131 [&hellip;]<\/p>\n","protected":false},"author":2,"featured_media":0,"parent":0,"menu_order":0,"comment_status":"closed","ping_status":"closed","template":"","meta":{"_monsterinsights_skip_tracking":false,"_monsterinsights_sitenote_active":false,"_monsterinsights_sitenote_note":"","_monsterinsights_sitenote_category":0,"footnotes":""},"class_list":["post-4945","page","type-page","status-publish","hentry"],"acf":[],"aioseo_notices":[],"lang":"tr","translations":{"tr":4945},"jetpack_sharing_enabled":true,"pll_sync_post":[],"_links":{"self":[{"href":"https:\/\/3dmakinakalip.com\/index.php?rest_route=\/wp\/v2\/pages\/4945","targetHints":{"allow":["GET"]}}],"collection":[{"href":"https:\/\/3dmakinakalip.com\/index.php?rest_route=\/wp\/v2\/pages"}],"about":[{"href":"https:\/\/3dmakinakalip.com\/index.php?rest_route=\/wp\/v2\/types\/page"}],"author":[{"embeddable":true,"href":"https:\/\/3dmakinakalip.com\/index.php?rest_route=\/wp\/v2\/users\/2"}],"replies":[{"embeddable":true,"href":"https:\/\/3dmakinakalip.com\/index.php?rest_route=%2Fwp%2Fv2%2Fcomments&post=4945"}],"version-history":[{"count":34,"href":"https:\/\/3dmakinakalip.com\/index.php?rest_route=\/wp\/v2\/pages\/4945\/revisions"}],"predecessor-version":[{"id":5187,"href":"https:\/\/3dmakinakalip.com\/index.php?rest_route=\/wp\/v2\/pages\/4945\/revisions\/5187"}],"wp:attachment":[{"href":"https:\/\/3dmakinakalip.com\/index.php?rest_route=%2Fwp%2Fv2%2Fmedia&parent=4945"}],"curies":[{"name":"wp","href":"https:\/\/api.w.org\/{rel}","templated":true}]}}