{"id":4817,"date":"2024-04-18T12:59:25","date_gmt":"2024-04-18T12:59:25","guid":{"rendered":"https:\/\/3dmakinakalip.com\/?page_id=4817"},"modified":"2024-05-02T07:05:37","modified_gmt":"2024-05-02T07:05:37","slug":"tek-cikisli-dogalgaz-kelepce-kalibi","status":"publish","type":"page","link":"https:\/\/3dmakinakalip.com\/?page_id=4817","title":{"rendered":"3 Parmak Tek \u00c7\u0131k\u0131\u015fl\u0131 Do\u011falgaz Kelep\u00e7e Kal\u0131b\u0131"},"content":{"rendered":"\t\t<div data-elementor-type=\"wp-page\" data-elementor-id=\"4817\" class=\"elementor elementor-4817\">\n\t\t\t\t<div class=\"elementor-element elementor-element-d2d5366 e-con-full e-flex e-con e-parent\" data-id=\"d2d5366\" data-element_type=\"container\">\n\t\t\t\t<div class=\"elementor-element elementor-element-1bf52b5 elementor-widget elementor-widget-heading\" data-id=\"1bf52b5\" data-element_type=\"widget\" data-widget_type=\"heading.default\">\n\t\t\t\t<div class=\"elementor-widget-container\">\n\t\t\t<style>\/*! elementor - v3.21.0 - 25-04-2024 *\/\n.elementor-heading-title{padding:0;margin:0;line-height:1}.elementor-widget-heading .elementor-heading-title[class*=elementor-size-]>a{color:inherit;font-size:inherit;line-height:inherit}.elementor-widget-heading .elementor-heading-title.elementor-size-small{font-size:15px}.elementor-widget-heading .elementor-heading-title.elementor-size-medium{font-size:19px}.elementor-widget-heading .elementor-heading-title.elementor-size-large{font-size:29px}.elementor-widget-heading .elementor-heading-title.elementor-size-xl{font-size:39px}.elementor-widget-heading .elementor-heading-title.elementor-size-xxl{font-size:59px}<\/style><h2 class=\"elementor-heading-title elementor-size-default\">TEK \u00c7IKI\u015eLI DO\u011eALGAZ KELEP\u00c7E KALIBI<\/h2>\t\t<\/div>\n\t\t\t\t<\/div>\n\t\t\t\t<div class=\"elementor-element elementor-element-078376a elementor-widget elementor-widget-image\" data-id=\"078376a\" data-element_type=\"widget\" data-widget_type=\"image.default\">\n\t\t\t\t<div class=\"elementor-widget-container\">\n\t\t\t<style>\/*! elementor - v3.21.0 - 25-04-2024 *\/\n.elementor-widget-image{text-align:center}.elementor-widget-image a{display:inline-block}.elementor-widget-image a img[src$=\".svg\"]{width:48px}.elementor-widget-image img{vertical-align:middle;display:inline-block}<\/style>\t\t\t\t\t\t\t\t\t\t<img fetchpriority=\"high\" decoding=\"async\" width=\"1693\" height=\"849\" src=\"https:\/\/3dmakinakalip.com\/wp-content\/uploads\/2024\/04\/4-Parmak-Montaj-1.png\" class=\"attachment-full size-full wp-image-4851\" alt=\"\" srcset=\"https:\/\/3dmakinakalip.com\/wp-content\/uploads\/2024\/04\/4-Parmak-Montaj-1.png 1693w, https:\/\/3dmakinakalip.com\/wp-content\/uploads\/2024\/04\/4-Parmak-Montaj-1-300x150.png 300w, https:\/\/3dmakinakalip.com\/wp-content\/uploads\/2024\/04\/4-Parmak-Montaj-1-1024x514.png 1024w, https:\/\/3dmakinakalip.com\/wp-content\/uploads\/2024\/04\/4-Parmak-Montaj-1-768x385.png 768w, https:\/\/3dmakinakalip.com\/wp-content\/uploads\/2024\/04\/4-Parmak-Montaj-1-1536x770.png 1536w\" sizes=\"(max-width: 1693px) 100vw, 1693px\" \/>\t\t\t\t\t\t\t\t\t\t\t\t\t<\/div>\n\t\t\t\t<\/div>\n\t\t\t\t<div class=\"elementor-element elementor-element-25cc213 elementor-widget elementor-widget-heading\" data-id=\"25cc213\" data-element_type=\"widget\" data-widget_type=\"heading.default\">\n\t\t\t\t<div class=\"elementor-widget-container\">\n\t\t\t<h2 class=\"elementor-heading-title elementor-size-default\">KALIP HAKKINDA B\u0130LG\u0130<\/h2>\t\t<\/div>\n\t\t\t\t<\/div>\n\t\t\t\t<div class=\"elementor-element elementor-element-6e26109 elementor-widget elementor-widget-text-editor\" data-id=\"6e26109\" data-element_type=\"widget\" data-widget_type=\"text-editor.default\">\n\t\t\t\t<div class=\"elementor-widget-container\">\n\t\t\t<style>\/*! elementor - v3.21.0 - 25-04-2024 *\/\n.elementor-widget-text-editor.elementor-drop-cap-view-stacked .elementor-drop-cap{background-color:#69727d;color:#fff}.elementor-widget-text-editor.elementor-drop-cap-view-framed .elementor-drop-cap{color:#69727d;border:3px solid;background-color:transparent}.elementor-widget-text-editor:not(.elementor-drop-cap-view-default) .elementor-drop-cap{margin-top:8px}.elementor-widget-text-editor:not(.elementor-drop-cap-view-default) .elementor-drop-cap-letter{width:1em;height:1em}.elementor-widget-text-editor .elementor-drop-cap{float:left;text-align:center;line-height:1;font-size:50px}.elementor-widget-text-editor .elementor-drop-cap-letter{display:inline-block}<\/style>\t\t\t\t<p style=\"text-align: center;\"><span style=\"color: #000000;\">Do\u011falgaz tesisat\u0131nda kullan\u0131lan kelep\u00e7eler, borular\u0131n duvarlara veya di\u011fer y\u00fczeylere sabitlenmesini sa\u011flayan \u00f6nemli par\u00e7alard\u0131r. Do\u011falgaz kelep\u00e7esi, \u00f6zellikle metal sacdan \u00fcretilen ve do\u011falgaz borular\u0131n\u0131 g\u00fcvenli bir \u015fekilde tutmak i\u00e7in tasarlanm\u0131\u015f bir kelep\u00e7e t\u00fcr\u00fcd\u00fcr..<\/span><\/p><p style=\"text-align: center;\"><span style=\"color: #000000;\">Bu kelep\u00e7eler, genellikle galvanizli \u00e7elik veya paslanmaz \u00e7elik gibi dayan\u0131kl\u0131 malzemelerden \u00fcretilir. \u00dc\u00e7 ayr\u0131 noktadan sabitleme imkan\u0131 sunan bu kelep\u00e7eler, borular\u0131n daha sa\u011flam tutulmas\u0131n\u0131 ve titre\u015fim veya darbelere kar\u015f\u0131 korunmas\u0131n\u0131 sa\u011flar.<\/span><\/p><h5 style=\"text-align: center;\"><span style=\"color: #000000;\">Sac Kal\u0131b\u0131 ve \u00dcretim S\u00fcreci<\/span><\/h5><p style=\"text-align: center;\"><span style=\"color: #000000;\">Sac kal\u0131b\u0131, kelep\u00e7elerin seri \u00fcretiminde kullan\u0131lan \u00f6zel bir kal\u0131pt\u0131r. Bu kal\u0131plar, metal saclar\u0131n kesilmesi, \u015fekillendirilmesi ve delinmesi i\u015flemlerini yapmak i\u00e7in tasarlanm\u0131\u015ft\u0131r. Sac kal\u0131b\u0131 kullan\u0131larak, y\u00fcksek hassasiyet ve h\u0131zda \u00fcretim yapmak m\u00fcmk\u00fcnd\u00fcr.<\/span><\/p><h5 style=\"text-align: center;\"><span style=\"color: #000000;\">\u00dcretim s\u00fcreci genellikle \u015fu ad\u0131mlar\u0131 i\u00e7erir:<\/span><\/h5><p style=\"text-align: center;\"><span style=\"color: #000000;\"><strong>Tasar\u0131m:<\/strong> Kelep\u00e7enin boyutlar\u0131 ve \u015fekli, kullan\u0131lacak boru tipine g\u00f6re belirlenir.Tek \u00e7\u0131k\u0131\u015fl\u0131 dogalgaz kelep\u00e7e kal\u0131b\u0131nda kapak veya g\u00f6vde olarak \u00fcretim yap\u0131labilmektedir.Tek \u00e7\u0131k\u0131\u015fl\u0131 kelep\u00e7e kal\u0131b\u0131n\u0131n tercih nedenlerinden en \u00f6nemli fakt\u00f6r d\u00fc\u015f\u00fck tonajl\u0131 preslerde kullanmak i\u00e7indir.Tek \u00e7\u0131k\u0131\u015fl\u0131 progresif dogalgaz kelep\u00e7e kal\u0131b\u0131nda \u00fcretilebilecek \u00f6l\u00e7\u00fcler \u015fu \u015fekildedir.( 3\/8&#8221;\u00a0 1\/2&#8221;\u00a0 3\/4&#8221;\u00a0 1&#8221;\u00a0 1-1\/4&#8221;\u00a0 1-1\/2&#8221;\u00a0 2&#8221;\u00a0 2-1\/2&#8221;\u00a0 3&#8221;\u00a0 4&#8221; ) M\u00fc\u015fterinin \u00fcretim tesisi d\u00fczenine g\u00f6re kal\u0131b\u0131n sa\u011f veya sol giri\u015fli olarak \u00fcretmek m\u00fcmk\u00fcnd\u00fcr.<\/span><\/p><p style=\"text-align: center;\"><span style=\"color: #000000;\"><br \/><\/span><span style=\"color: #000000;\"><strong>Kal\u0131p Haz\u0131rlama:<\/strong> Tasar\u0131ma uygun kal\u0131p, CNC makineleri gibi y\u00fcksek teknoloji \u00fcr\u00fcn\u00fc ekipmanlarla haz\u0131rlan\u0131r.Kal\u0131b\u0131n uzun \u00f6m\u00fcrl\u00fc olmas\u0131 i\u00e7in kullan\u0131lan \u00e7elikler 2379 kalite ve 54-56HRC sertliktedir.<\/span><br \/><span style=\"color: #000000;\"><strong>Sac Kesimi:<\/strong> Se\u00e7ilen malzeme, kal\u0131ba uygun \u015fekilde kesilir.<\/span><br \/><span style=\"color: #000000;\"><strong>\u015eekillendirme:<\/strong> Kesilen sac, kelep\u00e7enin nihai formunu alacak \u015fekilde b\u00fck\u00fcl\u00fcr ve \u015fekillendirilir.<\/span><br \/><span style=\"color: #000000;\"><strong>Delme ve Di\u015f A\u00e7ma:<\/strong> Kelep\u00e7enin montaj\u0131nda kullan\u0131lacak vidalar i\u00e7in delikler a\u00e7\u0131l\u0131r ve gerekirse di\u015f a\u00e7ma i\u015flemi yap\u0131l\u0131r.<\/span><\/p>\t\t\t\t\t\t<\/div>\n\t\t\t\t<\/div>\n\t\t\t\t<\/div>\n\t\t<div class=\"elementor-element elementor-element-86aae78 e-flex e-con-boxed e-con e-parent\" data-id=\"86aae78\" data-element_type=\"container\">\n\t\t\t\t\t<div class=\"e-con-inner\">\n\t\t<div class=\"elementor-element elementor-element-fcf235d e-grid e-con-boxed e-con e-child\" data-id=\"fcf235d\" data-element_type=\"container\">\n\t\t\t\t\t<div class=\"e-con-inner\">\n\t\t\t\t<div class=\"elementor-element elementor-element-7ddedd0 elementor-widget elementor-widget-image\" data-id=\"7ddedd0\" data-element_type=\"widget\" data-widget_type=\"image.default\">\n\t\t\t\t<div class=\"elementor-widget-container\">\n\t\t\t\t\t\t\t\t\t\t\t\t\t<img decoding=\"async\" width=\"1693\" height=\"849\" src=\"https:\/\/3dmakinakalip.com\/wp-content\/uploads\/2024\/04\/Tek-cikisli-kalip-onden.png\" class=\"attachment-full size-full wp-image-4863\" alt=\"\" srcset=\"https:\/\/3dmakinakalip.com\/wp-content\/uploads\/2024\/04\/Tek-cikisli-kalip-onden.png 1693w, https:\/\/3dmakinakalip.com\/wp-content\/uploads\/2024\/04\/Tek-cikisli-kalip-onden-300x150.png 300w, https:\/\/3dmakinakalip.com\/wp-content\/uploads\/2024\/04\/Tek-cikisli-kalip-onden-1024x514.png 1024w, https:\/\/3dmakinakalip.com\/wp-content\/uploads\/2024\/04\/Tek-cikisli-kalip-onden-768x385.png 768w, https:\/\/3dmakinakalip.com\/wp-content\/uploads\/2024\/04\/Tek-cikisli-kalip-onden-1536x770.png 1536w\" sizes=\"(max-width: 1693px) 100vw, 1693px\" \/>\t\t\t\t\t\t\t\t\t\t\t\t\t<\/div>\n\t\t\t\t<\/div>\n\t\t\t\t<div class=\"elementor-element elementor-element-7c58c9b elementor-widget elementor-widget-image\" data-id=\"7c58c9b\" data-element_type=\"widget\" data-widget_type=\"image.default\">\n\t\t\t\t<div class=\"elementor-widget-container\">\n\t\t\t\t\t\t\t\t\t\t\t\t\t<img decoding=\"async\" width=\"640\" height=\"321\" src=\"https:\/\/3dmakinakalip.com\/wp-content\/uploads\/2024\/04\/Tek-cikisli-kalip-arkadan-1024x514.png\" class=\"attachment-large size-large wp-image-4862\" alt=\"\" srcset=\"https:\/\/3dmakinakalip.com\/wp-content\/uploads\/2024\/04\/Tek-cikisli-kalip-arkadan-1024x514.png 1024w, https:\/\/3dmakinakalip.com\/wp-content\/uploads\/2024\/04\/Tek-cikisli-kalip-arkadan-300x150.png 300w, https:\/\/3dmakinakalip.com\/wp-content\/uploads\/2024\/04\/Tek-cikisli-kalip-arkadan-768x385.png 768w, https:\/\/3dmakinakalip.com\/wp-content\/uploads\/2024\/04\/Tek-cikisli-kalip-arkadan-1536x770.png 1536w, https:\/\/3dmakinakalip.com\/wp-content\/uploads\/2024\/04\/Tek-cikisli-kalip-arkadan.png 1693w\" sizes=\"(max-width: 640px) 100vw, 640px\" \/>\t\t\t\t\t\t\t\t\t\t\t\t\t<\/div>\n\t\t\t\t<\/div>\n\t\t\t\t<div class=\"elementor-element elementor-element-1a3bbcd elementor-widget elementor-widget-image\" data-id=\"1a3bbcd\" data-element_type=\"widget\" data-widget_type=\"image.default\">\n\t\t\t\t<div class=\"elementor-widget-container\">\n\t\t\t\t\t\t\t\t\t\t\t\t\t<img loading=\"lazy\" decoding=\"async\" width=\"1693\" height=\"849\" src=\"https:\/\/3dmakinakalip.com\/wp-content\/uploads\/2024\/04\/Tek-cikisli-kalip-yandan.png\" class=\"attachment-full size-full wp-image-4865\" alt=\"\" srcset=\"https:\/\/3dmakinakalip.com\/wp-content\/uploads\/2024\/04\/Tek-cikisli-kalip-yandan.png 1693w, https:\/\/3dmakinakalip.com\/wp-content\/uploads\/2024\/04\/Tek-cikisli-kalip-yandan-300x150.png 300w, https:\/\/3dmakinakalip.com\/wp-content\/uploads\/2024\/04\/Tek-cikisli-kalip-yandan-1024x514.png 1024w, https:\/\/3dmakinakalip.com\/wp-content\/uploads\/2024\/04\/Tek-cikisli-kalip-yandan-768x385.png 768w, https:\/\/3dmakinakalip.com\/wp-content\/uploads\/2024\/04\/Tek-cikisli-kalip-yandan-1536x770.png 1536w\" sizes=\"(max-width: 1693px) 100vw, 1693px\" \/>\t\t\t\t\t\t\t\t\t\t\t\t\t<\/div>\n\t\t\t\t<\/div>\n\t\t\t\t<div class=\"elementor-element elementor-element-b26b806 elementor-widget elementor-widget-image\" data-id=\"b26b806\" data-element_type=\"widget\" data-widget_type=\"image.default\">\n\t\t\t\t<div class=\"elementor-widget-container\">\n\t\t\t\t\t\t\t\t\t\t\t\t\t<img loading=\"lazy\" decoding=\"async\" width=\"640\" height=\"321\" src=\"https:\/\/3dmakinakalip.com\/wp-content\/uploads\/2024\/04\/Tek-cikisli-kalip-persfek-1024x514.png\" class=\"attachment-large size-large wp-image-4864\" alt=\"\" srcset=\"https:\/\/3dmakinakalip.com\/wp-content\/uploads\/2024\/04\/Tek-cikisli-kalip-persfek-1024x514.png 1024w, https:\/\/3dmakinakalip.com\/wp-content\/uploads\/2024\/04\/Tek-cikisli-kalip-persfek-300x150.png 300w, https:\/\/3dmakinakalip.com\/wp-content\/uploads\/2024\/04\/Tek-cikisli-kalip-persfek-768x385.png 768w, https:\/\/3dmakinakalip.com\/wp-content\/uploads\/2024\/04\/Tek-cikisli-kalip-persfek-1536x770.png 1536w, https:\/\/3dmakinakalip.com\/wp-content\/uploads\/2024\/04\/Tek-cikisli-kalip-persfek.png 1693w\" sizes=\"(max-width: 640px) 100vw, 640px\" \/>\t\t\t\t\t\t\t\t\t\t\t\t\t<\/div>\n\t\t\t\t<\/div>\n\t\t\t\t\t<\/div>\n\t\t\t\t<\/div>\n\t\t\t\t\t<\/div>\n\t\t\t\t<\/div>\n\t\t<div class=\"elementor-element elementor-element-4d89973 e-flex e-con-boxed e-con e-parent\" data-id=\"4d89973\" data-element_type=\"container\">\n\t\t\t\t\t<div class=\"e-con-inner\">\n\t\t\t\t<div class=\"elementor-element elementor-element-5f7b19a elementor-widget elementor-widget-video\" data-id=\"5f7b19a\" data-element_type=\"widget\" data-settings=\"{&quot;youtube_url&quot;:&quot;https:\\\/\\\/www.youtube.com\\\/watch?v=zmFuRlPXSh8&amp;t=15s&quot;,&quot;video_type&quot;:&quot;youtube&quot;,&quot;controls&quot;:&quot;yes&quot;}\" data-widget_type=\"video.default\">\n\t\t\t\t<div class=\"elementor-widget-container\">\n\t\t\t<style>\/*! elementor - v3.21.0 - 25-04-2024 *\/\n.elementor-widget-video .elementor-widget-container{overflow:hidden;transform:translateZ(0)}.elementor-widget-video .elementor-wrapper{aspect-ratio:var(--video-aspect-ratio)}.elementor-widget-video .elementor-wrapper iframe,.elementor-widget-video .elementor-wrapper video{height:100%;width:100%;display:flex;border:none;background-color:#000}@supports not (aspect-ratio:1\/1){.elementor-widget-video .elementor-wrapper{position:relative;overflow:hidden;height:0;padding-bottom:calc(100% \/ var(--video-aspect-ratio))}.elementor-widget-video .elementor-wrapper iframe,.elementor-widget-video .elementor-wrapper video{position:absolute;top:0;right:0;bottom:0;left:0}}.elementor-widget-video .elementor-open-inline .elementor-custom-embed-image-overlay{position:absolute;top:0;right:0;bottom:0;left:0;background-size:cover;background-position:50%}.elementor-widget-video .elementor-custom-embed-image-overlay{cursor:pointer;text-align:center}.elementor-widget-video .elementor-custom-embed-image-overlay:hover .elementor-custom-embed-play i{opacity:1}.elementor-widget-video .elementor-custom-embed-image-overlay img{display:block;width:100%;aspect-ratio:var(--video-aspect-ratio);-o-object-fit:cover;object-fit:cover;-o-object-position:center center;object-position:center center}@supports not (aspect-ratio:1\/1){.elementor-widget-video .elementor-custom-embed-image-overlay{position:relative;overflow:hidden;height:0;padding-bottom:calc(100% \/ var(--video-aspect-ratio))}.elementor-widget-video .elementor-custom-embed-image-overlay img{position:absolute;top:0;right:0;bottom:0;left:0}}.elementor-widget-video .e-hosted-video .elementor-video{-o-object-fit:cover;object-fit:cover}.e-con-inner>.elementor-widget-video,.e-con>.elementor-widget-video{width:var(--container-widget-width);--flex-grow:var(--container-widget-flex-grow)}<\/style>\t\t<div class=\"elementor-wrapper elementor-open-inline\">\n\t\t\t<div class=\"elementor-video\"><\/div>\t\t<\/div>\n\t\t\t\t<\/div>\n\t\t\t\t<\/div>\n\t\t\t\t\t<\/div>\n\t\t\t\t<\/div>\n\t\t\t\t<section class=\"elementor-section elementor-top-section elementor-element elementor-element-86eadb3 elementor-section-full_width elementor-section-stretched elementor-section-height-default elementor-section-height-default\" data-id=\"86eadb3\" data-element_type=\"section\" data-settings=\"{&quot;stretch_section&quot;:&quot;section-stretched&quot;}\">\n\t\t\t\t\t\t<div class=\"elementor-container elementor-column-gap-no\">\n\t\t\t\t\t<div class=\"elementor-column elementor-col-100 elementor-top-column elementor-element elementor-element-3a2d2018\" data-id=\"3a2d2018\" data-element_type=\"column\">\n\t\t\t<div class=\"elementor-widget-wrap elementor-element-populated\">\n\t\t\t\t\t\t<div class=\"elementor-element elementor-element-10e72432 elementor-widget elementor-widget-tp-cta\" data-id=\"10e72432\" data-element_type=\"widget\" data-widget_type=\"tp-cta.default\">\n\t\t\t\t<div class=\"elementor-widget-container\">\n\t\t\t\n\n<div class=\"tp-news-letter-area tp-news-letter-bg pt-200 pb-150 ele-section\"\nstyle=\"background: url(https:\/\/3dmakinakalip.com\/wp-content\/uploads\/2022\/10\/news-bg-150x150.jpg);  \">\n\n    <div class=\"container\">\n        <div class=\"row justify-content-center\">\n            <div class=\"col-xl-8 col-lg-8 col-md-12 \">\n                <div class=\"tp-news-sub-wrapper \">\n                    <div class=\"tp-news-letter-section-box\">\n\n                        \n                        <h2 class=\"tp-title-sm tp-title-sm tp-white-text pb-30 ele-heading\">Daha Fazla Bilgi \u0130\u00e7in Katalo\u011fumuza Bakabilirsiniz<\/h2>\n                        \n                    <\/div>\n\n                                        <div class=\"tp-news-button\">\n                        <a href=\"https:\/\/3dmakinakalip.com\/?page_id=59\" target=\"_self\" rel=\"nofollow\" class=\"tp-btn-lg-yellow ele-button\">E-KATALOG<\/a>\n                    <\/div>\n                    \n                <\/div>\n            <\/div>\n        <\/div>\n    <\/div>\n<\/div>\n\n\t\t<\/div>\n\t\t\t\t<\/div>\n\t\t\t\t\t<\/div>\n\t\t<\/div>\n\t\t\t\t\t<\/div>\n\t\t<\/section>\n\t\t\t\t<\/div>\n\t\t","protected":false},"excerpt":{"rendered":"<p>TEK \u00c7IKI\u015eLI DO\u011eALGAZ KELEP\u00c7E KALIBI KALIP HAKKINDA B\u0130LG\u0130 Do\u011falgaz tesisat\u0131nda kullan\u0131lan kelep\u00e7eler, borular\u0131n duvarlara veya di\u011fer y\u00fczeylere sabitlenmesini sa\u011flayan \u00f6nemli par\u00e7alard\u0131r. Do\u011falgaz kelep\u00e7esi, \u00f6zellikle metal sacdan \u00fcretilen ve do\u011falgaz borular\u0131n\u0131 g\u00fcvenli bir \u015fekilde tutmak i\u00e7in tasarlanm\u0131\u015f bir kelep\u00e7e t\u00fcr\u00fcd\u00fcr.. Bu kelep\u00e7eler, genellikle galvanizli \u00e7elik veya paslanmaz \u00e7elik gibi dayan\u0131kl\u0131 malzemelerden \u00fcretilir. \u00dc\u00e7 ayr\u0131 noktadan sabitleme [&hellip;]<\/p>\n","protected":false},"author":2,"featured_media":0,"parent":0,"menu_order":0,"comment_status":"closed","ping_status":"closed","template":"","meta":{"_monsterinsights_skip_tracking":false,"_monsterinsights_sitenote_active":false,"_monsterinsights_sitenote_note":"","_monsterinsights_sitenote_category":0,"footnotes":""},"class_list":["post-4817","page","type-page","status-publish","hentry"],"acf":[],"aioseo_notices":[],"lang":"tr","translations":{"tr":4817},"jetpack_sharing_enabled":true,"pll_sync_post":[],"_links":{"self":[{"href":"https:\/\/3dmakinakalip.com\/index.php?rest_route=\/wp\/v2\/pages\/4817","targetHints":{"allow":["GET"]}}],"collection":[{"href":"https:\/\/3dmakinakalip.com\/index.php?rest_route=\/wp\/v2\/pages"}],"about":[{"href":"https:\/\/3dmakinakalip.com\/index.php?rest_route=\/wp\/v2\/types\/page"}],"author":[{"embeddable":true,"href":"https:\/\/3dmakinakalip.com\/index.php?rest_route=\/wp\/v2\/users\/2"}],"replies":[{"embeddable":true,"href":"https:\/\/3dmakinakalip.com\/index.php?rest_route=%2Fwp%2Fv2%2Fcomments&post=4817"}],"version-history":[{"count":55,"href":"https:\/\/3dmakinakalip.com\/index.php?rest_route=\/wp\/v2\/pages\/4817\/revisions"}],"predecessor-version":[{"id":5307,"href":"https:\/\/3dmakinakalip.com\/index.php?rest_route=\/wp\/v2\/pages\/4817\/revisions\/5307"}],"wp:attachment":[{"href":"https:\/\/3dmakinakalip.com\/index.php?rest_route=%2Fwp%2Fv2%2Fmedia&parent=4817"}],"curies":[{"name":"wp","href":"https:\/\/api.w.org\/{rel}","templated":true}]}}