{"id":39,"date":"2022-08-25T05:56:34","date_gmt":"2022-08-25T05:56:34","guid":{"rendered":"https:\/\/weblearnbd.net\/wp\/collax\/?page_id=39"},"modified":"2024-04-29T11:37:35","modified_gmt":"2024-04-29T11:37:35","slug":"hizmetlerimiz","status":"publish","type":"page","link":"https:\/\/3dmakinakalip.com\/?page_id=39","title":{"rendered":"Hizmetlerimiz"},"content":{"rendered":"\t\t<div data-elementor-type=\"wp-page\" data-elementor-id=\"39\" class=\"elementor elementor-39\">\n\t\t\t\t\t\t<section class=\"elementor-section elementor-top-section elementor-element elementor-element-5fa9348 elementor-section-full_width elementor-section-stretched elementor-section-height-default elementor-section-height-default\" data-id=\"5fa9348\" data-element_type=\"section\" data-settings=\"{&quot;stretch_section&quot;:&quot;section-stretched&quot;}\">\n\t\t\t\t\t\t<div class=\"elementor-container elementor-column-gap-no\">\n\t\t\t\t\t<div class=\"elementor-column elementor-col-100 elementor-top-column elementor-element elementor-element-6080618\" data-id=\"6080618\" data-element_type=\"column\">\n\t\t\t<div class=\"elementor-widget-wrap elementor-element-populated\">\n\t\t\t\t\t\t<div class=\"elementor-element elementor-element-410facf elementor-widget__width-inherit elementor-widget elementor-widget-services\" data-id=\"410facf\" data-element_type=\"widget\" data-widget_type=\"services.default\">\n\t\t\t\t<div class=\"elementor-widget-container\">\n\t\t\t\n\n<div class=\"corporate-service__area pt-130 pb-70 black-bg corporate-plr ele-section\">\n    <div class=\"container\">\n        <div class=\"row align-items-end corporate-service__section-wrapper\">\n            <div class=\"col-xl-6 col-lg-6 col-md-6 wow tpfadeLeft\" data-wow-duration=\".9s\" data-wow-delay=\".3s\">\n                <div class=\"corporate-service__section-box\">\n                    \n                    <h2 class=\"tp-title text-white ele-heading\">Biz Neler Yap\u0131yoruz ?<\/h2>                                    <\/div>\n            <\/div>\n            <div class=\"col-xl-6 col-lg-6 col-md-6 wow tpfadeRight\" data-wow-duration=\".9s\" data-wow-delay=\".5s\">\n                <div class=\"orporate-service__section-btn text-md-end text-start\">\n                    <a  ><span class=\"text-white\"><\/span><\/a>\n                <\/div>\n            <\/div>\n        <\/div>\n        <div class=\"row\">\n\n                                    <div class=\"col-xl-3 col-lg-4 col-md-6 col-12 mb-30\">\n                            <div class=\"corporate-service__item text-center\">\n                    <div class=\"corporate-service__icon\">\n                                                                                    <span class=\"ele-repeater-icon\">\n                                    <img decoding=\"async\" class=\"light\" src=\"https:\/\/3dmakinakalip.com\/wp-content\/uploads\/2024\/04\/machine-press-factory-svgrepo-com-2.svg\" alt=\"\">\n                                <\/span>\n                                                                        <\/div>\n                    <div class=\"corporate-service__content\">\n\n                                                <h4 class=\"corporate-service__title ele-repeater-title\">\n                                                        Hassas CNC Dik \u0130\u015fleme Ve Tel Erezyon \u0130\u015flemleri                                                    <\/h4>\n                        \n                    <\/div>\n                                    <\/div>\n            <\/div>\n                                    <div class=\"col-xl-3 col-lg-4 col-md-6 col-12 mb-30\">\n                            <div class=\"corporate-service__item text-center\">\n                    <div class=\"corporate-service__icon\">\n                                                                                    <span class=\"ele-repeater-icon\">\n                                    <img decoding=\"async\" class=\"light\" src=\"https:\/\/3dmakinakalip.com\/wp-content\/uploads\/2024\/04\/product-design.png\" alt=\"\">\n                                <\/span>\n                                                                        <\/div>\n                    <div class=\"corporate-service__content\">\n\n                                                <h4 class=\"corporate-service__title ele-repeater-title\">\n                                                        \u00dcr\u00fcn Tasar\u0131m ve Geli\u015ftirme                                                    <\/h4>\n                        \n                    <\/div>\n                                    <\/div>\n            <\/div>\n                                    <div class=\"col-xl-3 col-lg-4 col-md-6 col-12 mb-30\">\n                            <div class=\"corporate-service__item text-center\">\n                    <div class=\"corporate-service__icon\">\n                                                                                    <span class=\"ele-repeater-icon\">\n                                    <img decoding=\"async\" class=\"light\" src=\"https:\/\/3dmakinakalip.com\/wp-content\/uploads\/2024\/04\/wrench.png\" alt=\"\">\n                                <\/span>\n                                                                        <\/div>\n                    <div class=\"corporate-service__content\">\n\n                                                <h4 class=\"corporate-service__title ele-repeater-title\">\n                                                        Yedek Par\u00e7a \u0130malat\u0131                                                    <\/h4>\n                        \n                    <\/div>\n                                    <\/div>\n            <\/div>\n                                    <div class=\"col-xl-3 col-lg-4 col-md-6 col-12 mb-30\">\n                            <div class=\"corporate-service__item text-center\">\n                    <div class=\"corporate-service__icon\">\n                                                                                    <span class=\"ele-repeater-icon\">\n                                    <img decoding=\"async\" class=\"light\" src=\"https:\/\/3dmakinakalip.com\/wp-content\/uploads\/2024\/04\/bending.png\" alt=\"\">\n                                <\/span>\n                                                                        <\/div>\n                    <div class=\"corporate-service__content\">\n\n                                                <h4 class=\"corporate-service__title ele-repeater-title\">\n                                                        Progresif Sac \u015eekillendirme Kal\u0131plar\u0131                                                    <\/h4>\n                        \n                    <\/div>\n                                    <\/div>\n            <\/div>\n                                    <div class=\"col-xl-3 col-lg-4 col-md-6 col-12 mb-30\">\n                            <div class=\"corporate-service__item text-center\">\n                    <div class=\"corporate-service__icon\">\n                                                                                    <span class=\"ele-repeater-icon\">\n                                    <img decoding=\"async\" class=\"light\" src=\"https:\/\/3dmakinakalip.com\/wp-content\/uploads\/2024\/04\/production-1.png\" alt=\"\">\n                                <\/span>\n                                                                        <\/div>\n                    <div class=\"corporate-service__content\">\n\n                                                <h4 class=\"corporate-service__title ele-repeater-title\">\n                                                        Makina \u0130malat\u0131                                                    <\/h4>\n                        \n                    <\/div>\n                                    <\/div>\n            <\/div>\n                                    <div class=\"col-xl-3 col-lg-4 col-md-6 col-12 mb-30\">\n                            <div class=\"corporate-service__item text-center\">\n                    <div class=\"corporate-service__icon\">\n                                                                                    <span class=\"ele-repeater-icon\">\n                                    <img decoding=\"async\" class=\"light\" src=\"https:\/\/3dmakinakalip.com\/wp-content\/uploads\/2024\/04\/clamp.png\" alt=\"\">\n                                <\/span>\n                                                                        <\/div>\n                    <div class=\"corporate-service__content\">\n\n                                                <h4 class=\"corporate-service__title ele-repeater-title\">\n                                                        Do\u011falgaz Kelep\u00e7e \u0130malat\u0131                                                    <\/h4>\n                        \n                    <\/div>\n                                    <\/div>\n            <\/div>\n                                    <div class=\"col-xl-3 col-lg-4 col-md-6 col-12 mb-30\">\n                            <div class=\"corporate-service__item text-center\">\n                    <div class=\"corporate-service__icon\">\n                                                                                    <span class=\"ele-repeater-icon\">\n                                    <img decoding=\"async\" class=\"light\" src=\"https:\/\/3dmakinakalip.com\/wp-content\/uploads\/2024\/04\/extruder.png\" alt=\"\">\n                                <\/span>\n                                                                        <\/div>\n                    <div class=\"corporate-service__content\">\n\n                                                <h4 class=\"corporate-service__title ele-repeater-title\">\n                                                        Do\u011falgaz Kelep\u00e7e Lastik \u0130malat\u0131                                                    <\/h4>\n                        \n                    <\/div>\n                                    <\/div>\n            <\/div>\n                                    <div class=\"col-xl-3 col-lg-4 col-md-6 col-12 mb-30\">\n                            <div class=\"corporate-service__item text-center\">\n                    <div class=\"corporate-service__icon\">\n                                                                                    <span class=\"ele-repeater-icon\">\n                                    <img decoding=\"async\" class=\"light\" src=\"https:\/\/3dmakinakalip.com\/wp-content\/uploads\/2024\/04\/customer-support.png\" alt=\"\">\n                                <\/span>\n                                                                        <\/div>\n                    <div class=\"corporate-service__content\">\n\n                                                <h4 class=\"corporate-service__title ele-repeater-title\">\n                                                        Teknik Destek                                                    <\/h4>\n                        \n                    <\/div>\n                                    <\/div>\n            <\/div>\n            \n        <\/div>\n    <\/div>\n<\/div>\n\n\t\t<\/div>\n\t\t\t\t<\/div>\n\t\t\t\t\t<\/div>\n\t\t<\/div>\n\t\t\t\t\t<\/div>\n\t\t<\/section>\n\t\t\t\t<section class=\"elementor-section elementor-top-section elementor-element elementor-element-de2511b elementor-section-full_width elementor-section-height-default elementor-section-height-default\" data-id=\"de2511b\" data-element_type=\"section\">\n\t\t\t\t\t\t<div class=\"elementor-container elementor-column-gap-no\">\n\t\t\t\t\t<div class=\"elementor-column elementor-col-100 elementor-top-column elementor-element elementor-element-de793f3\" data-id=\"de793f3\" data-element_type=\"column\">\n\t\t\t<div class=\"elementor-widget-wrap elementor-element-populated\">\n\t\t\t\t\t\t<div class=\"elementor-element elementor-element-91b5a12 elementor-widget elementor-widget-tp-cta\" data-id=\"91b5a12\" data-element_type=\"widget\" data-widget_type=\"tp-cta.default\">\n\t\t\t\t<div class=\"elementor-widget-container\">\n\t\t\t\n\n<div class=\"tp-news-letter-area tp-news-letter-bg pt-65 pb-60 ele-section\" style=\"background: url(https:\/\/3dmakinakalip.com\/wp-content\/uploads\/2022\/10\/news-bg-1.jpg);\">\n    <div class=\"container\">\n        <div class=\"row align-items-center\">\n            <div class=\"col-xl-7 col-lg-7 col-md-12 wow tpfadeLeft\" data-wow-duration=\".3s\" data-wow-delay=\".6s\">\n                <div class=\"tp-news-sub-wrapper pr-50\">\n                    <div class=\"tp-news-letter-section-box\">\n\n                                                <h5 class=\"tp-subtitle subtitle-secondary-color ele-subtitle\">Get every update<\/h5>\n                                                <h2 class=\"tp-title-sm tp-title-sm tp-white-text pb-25 ele-heading\">A recognizable &amp; awarded partner.. become our partner<\/h2>                        \n                    <\/div>\n                    <div class=\"tp-news-button\">\n                                                <a href=\"https:\/\/3dmakinakalip.com\/?page_id=59\" target=\"_self\" rel=\"nofollow\" class=\"tp-btn-lg-yellow mr-20 ele-button\">Become A Partner<\/a>\n                                                                        <a href=\"https:\/\/3dmakinakalip.com\/?page_id=59\" target=\"_self\" rel=\"nofollow\" class=\"tp-btn-sky ele-button-2\">Press Office<\/a>\n                                            <\/div>\n                <\/div>\n            <\/div>\n            <div class=\"col-xl-5 col-lg-5 col-md-12 wow tpfadeRight\" data-wow-duration=\".5s\" data-wow-delay=\".8s\">\n                                <div class=\"tp-news-letter-img text-md-start text-lg-end pr-45\">\n                    <img decoding=\"async\" src=\"https:\/\/3dmakinakalip.com\/wp-content\/uploads\/2022\/10\/news-7.1.png\" alt=\"\">\n                <\/div>\n                            <\/div>\n        <\/div>\n    <\/div>\n<\/div>\n\n\t\t<\/div>\n\t\t\t\t<\/div>\n\t\t\t\t\t<\/div>\n\t\t<\/div>\n\t\t\t\t\t<\/div>\n\t\t<\/section>\n\t\t\t\t<\/div>\n\t\t","protected":false},"excerpt":{"rendered":"<p>Biz Neler Yap\u0131yoruz ? Hassas CNC Dik \u0130\u015fleme Ve Tel Erezyon \u0130\u015flemleri \u00dcr\u00fcn Tasar\u0131m ve Geli\u015ftirme Yedek Par\u00e7a \u0130malat\u0131 Progresif Sac \u015eekillendirme Kal\u0131plar\u0131 Makina \u0130malat\u0131 Do\u011falgaz Kelep\u00e7e \u0130malat\u0131 Do\u011falgaz Kelep\u00e7e Lastik \u0130malat\u0131 Teknik Destek Get every update A recognizable &amp; awarded partner.. become our partner Become A Partner Press Office<\/p>\n","protected":false},"author":1,"featured_media":0,"parent":0,"menu_order":0,"comment_status":"closed","ping_status":"closed","template":"elementor_header_footer","meta":{"_monsterinsights_skip_tracking":false,"_monsterinsights_sitenote_active":false,"_monsterinsights_sitenote_note":"","_monsterinsights_sitenote_category":0,"footnotes":""},"class_list":["post-39","page","type-page","status-publish","hentry"],"acf":[],"aioseo_notices":[],"lang":"tr","translations":{"tr":39},"jetpack_sharing_enabled":true,"pll_sync_post":[],"_links":{"self":[{"href":"https:\/\/3dmakinakalip.com\/index.php?rest_route=\/wp\/v2\/pages\/39","targetHints":{"allow":["GET"]}}],"collection":[{"href":"https:\/\/3dmakinakalip.com\/index.php?rest_route=\/wp\/v2\/pages"}],"about":[{"href":"https:\/\/3dmakinakalip.com\/index.php?rest_route=\/wp\/v2\/types\/page"}],"author":[{"embeddable":true,"href":"https:\/\/3dmakinakalip.com\/index.php?rest_route=\/wp\/v2\/users\/1"}],"replies":[{"embeddable":true,"href":"https:\/\/3dmakinakalip.com\/index.php?rest_route=%2Fwp%2Fv2%2Fcomments&post=39"}],"version-history":[{"count":9,"href":"https:\/\/3dmakinakalip.com\/index.php?rest_route=\/wp\/v2\/pages\/39\/revisions"}],"predecessor-version":[{"id":5118,"href":"https:\/\/3dmakinakalip.com\/index.php?rest_route=\/wp\/v2\/pages\/39\/revisions\/5118"}],"wp:attachment":[{"href":"https:\/\/3dmakinakalip.com\/index.php?rest_route=%2Fwp%2Fv2%2Fmedia&parent=39"}],"curies":[{"name":"wp","href":"https:\/\/api.w.org\/{rel}","templated":true}]}}