{"id":27,"date":"2022-08-25T05:53:36","date_gmt":"2022-08-25T05:53:36","guid":{"rendered":"https:\/\/weblearnbd.net\/wp\/collax\/?page_id=27"},"modified":"2024-05-13T06:23:14","modified_gmt":"2024-05-13T06:23:14","slug":"urunlerimiz","status":"publish","type":"page","link":"https:\/\/3dmakinakalip.com\/?page_id=27","title":{"rendered":"\u00dcr\u00fcnlerimiz"},"content":{"rendered":"\t\t<div data-elementor-type=\"wp-page\" data-elementor-id=\"27\" class=\"elementor elementor-27\">\n\t\t\t\t\t\t<section class=\"elementor-section elementor-top-section elementor-element elementor-element-a826f2f elementor-section-full_width elementor-section-height-default elementor-section-height-default\" data-id=\"a826f2f\" data-element_type=\"section\">\n\t\t\t\t\t\t<div class=\"elementor-container elementor-column-gap-no\">\n\t\t\t\t\t<div class=\"elementor-column elementor-col-100 elementor-top-column elementor-element elementor-element-df112dc\" data-id=\"df112dc\" data-element_type=\"column\">\n\t\t\t<div class=\"elementor-widget-wrap elementor-element-populated\">\n\t\t\t\t\t\t<div class=\"elementor-element elementor-element-0aaed45 elementor-widget elementor-widget-gallery-tab\" data-id=\"0aaed45\" data-element_type=\"widget\" data-settings=\"{&quot;filter_style&quot;:&quot;style_2&quot;}\" data-widget_type=\"gallery-tab.default\">\n\t\t\t\t<div class=\"elementor-widget-container\">\n\t\t\t\n<div class=\"tp-project-area tp-cc-project pt-10 pb-10 ele-section\">\n    <div class=\"container\">\n        <div class=\"row justify-content-center mb-70\">\n            <div class=\"col-10 p-0 text-center\">\n                <div class=\"tp-project-tab-button style_2 masonary-menu\">\n\n                                                            <button data-filter=\"*\" class=\"active ele-gallery-link\"><span>T\u00dcM \u00dcR\u00dcNLER<\/span><\/button>\n                                                            <button class=\"ele-gallery-link\" data-filter=\".dogalgaz-kelepce-kaliplari\"><span>DO\u011eALGAZ KELEP\u00c7E KALIPLARI<\/span><\/button>\n                                        <button class=\"ele-gallery-link\" data-filter=\".lastik-takma-makineleri\"><span>LAST\u0130K TAKMA MAK\u0130NELER\u0130<\/span><\/button>\n                                        <button class=\"ele-gallery-link\" data-filter=\".vidalama-makineleri\"><span>V\u0130DALAMA MAK\u0130NELER\u0130<\/span><\/button>\n                                        <button class=\"ele-gallery-link\" data-filter=\".punta-makineleri\"><span>PUNTA MAK\u0130NELER\u0130<\/span><\/button>\n                                        \n                <\/div>\n            <\/div>\n        <\/div>\n        <div class=\"row grid\">\n\n            \n            <div class=\"col-xl- col-lg- grid-item dogalgaz-kelepce-kaliplari col-md-6\">\n                <div class=\"tp-project-item-four mb-30 tp-img-reveal-item\"\n                    data-subtitle=\"\"\n                    data-title=\"Tek \u00c7\u0131k\u0131\u015fl\u0131 Do\u011falgaz Kelep\u00e7e Kal\u0131b\u0131\" data-fx=\"1\">\n                    <div class=\"tp-project-item-four__img fix\">\n                        <a href=\"https:\/\/3dmakinakalip.com\/?page_id=4817\">\n                                                        <img fetchpriority=\"high\" decoding=\"async\" width=\"1693\" height=\"849\" src=\"https:\/\/3dmakinakalip.com\/wp-content\/uploads\/2024\/04\/4-Parmak-Montaj-1.png\" class=\"attachment-full size-full\" alt=\"\" srcset=\"https:\/\/3dmakinakalip.com\/wp-content\/uploads\/2024\/04\/4-Parmak-Montaj-1.png 1693w, https:\/\/3dmakinakalip.com\/wp-content\/uploads\/2024\/04\/4-Parmak-Montaj-1-300x150.png 300w, https:\/\/3dmakinakalip.com\/wp-content\/uploads\/2024\/04\/4-Parmak-Montaj-1-1024x514.png 1024w, https:\/\/3dmakinakalip.com\/wp-content\/uploads\/2024\/04\/4-Parmak-Montaj-1-768x385.png 768w, https:\/\/3dmakinakalip.com\/wp-content\/uploads\/2024\/04\/4-Parmak-Montaj-1-1536x770.png 1536w\" sizes=\"(max-width: 1693px) 100vw, 1693px\" \/>                                                    <\/a>\n                    <\/div>\n                <\/div>\n            <\/div>\n\n            \n            <div class=\"col-xl- col-lg- grid-item dogalgaz-kelepce-kaliplari col-md-6\">\n                <div class=\"tp-project-item-four mb-30 tp-img-reveal-item\"\n                    data-subtitle=\"\"\n                    data-title=\"\u00c7ift \u00c7\u0131k\u0131\u015fl\u0131 Do\u011falgaz Kelep\u00e7e Kal\u0131plar\u0131\" data-fx=\"1\">\n                    <div class=\"tp-project-item-four__img fix\">\n                        <a href=\"https:\/\/3dmakinakalip.com\/?page_id=5195\">\n                                                        <img decoding=\"async\" width=\"1693\" height=\"849\" src=\"https:\/\/3dmakinakalip.com\/wp-content\/uploads\/2024\/04\/cift-cikisli-on-1.png\" class=\"attachment-full size-full\" alt=\"\" srcset=\"https:\/\/3dmakinakalip.com\/wp-content\/uploads\/2024\/04\/cift-cikisli-on-1.png 1693w, https:\/\/3dmakinakalip.com\/wp-content\/uploads\/2024\/04\/cift-cikisli-on-1-300x150.png 300w, https:\/\/3dmakinakalip.com\/wp-content\/uploads\/2024\/04\/cift-cikisli-on-1-1024x514.png 1024w, https:\/\/3dmakinakalip.com\/wp-content\/uploads\/2024\/04\/cift-cikisli-on-1-768x385.png 768w, https:\/\/3dmakinakalip.com\/wp-content\/uploads\/2024\/04\/cift-cikisli-on-1-1536x770.png 1536w\" sizes=\"(max-width: 1693px) 100vw, 1693px\" \/>                                                    <\/a>\n                    <\/div>\n                <\/div>\n            <\/div>\n\n            \n            <div class=\"col-xl- col-lg- grid-item dogalgaz-kelepce-kaliplari col-md-6\">\n                <div class=\"tp-project-item-four mb-30 tp-img-reveal-item\"\n                    data-subtitle=\"\"\n                    data-title=\"A\u011f\u0131r Y\u00fck Kelep\u00e7e Kal\u0131plar\u0131\" data-fx=\"1\">\n                    <div class=\"tp-project-item-four__img fix\">\n                        <a href=\"https:\/\/3dmakinakalip.com\/?page_id=5256\">\n                                                        <img decoding=\"async\" width=\"1693\" height=\"849\" src=\"https:\/\/3dmakinakalip.com\/wp-content\/uploads\/2024\/05\/agir-yuk-on.png\" class=\"attachment-full size-full\" alt=\"\" srcset=\"https:\/\/3dmakinakalip.com\/wp-content\/uploads\/2024\/05\/agir-yuk-on.png 1693w, https:\/\/3dmakinakalip.com\/wp-content\/uploads\/2024\/05\/agir-yuk-on-300x150.png 300w, https:\/\/3dmakinakalip.com\/wp-content\/uploads\/2024\/05\/agir-yuk-on-1024x514.png 1024w, https:\/\/3dmakinakalip.com\/wp-content\/uploads\/2024\/05\/agir-yuk-on-768x385.png 768w, https:\/\/3dmakinakalip.com\/wp-content\/uploads\/2024\/05\/agir-yuk-on-1536x770.png 1536w\" sizes=\"(max-width: 1693px) 100vw, 1693px\" \/>                                                    <\/a>\n                    <\/div>\n                <\/div>\n            <\/div>\n\n            \n            <div class=\"col-xl- col-lg- grid-item dogalgaz-kelepce-kaliplari col-md-6\">\n                <div class=\"tp-project-item-four mb-30 tp-img-reveal-item\"\n                    data-subtitle=\"\"\n                    data-title=\"Boy Kesme Kal\u0131plar\u0131\" data-fx=\"1\">\n                    <div class=\"tp-project-item-four__img fix\">\n                        <a href=\"https:\/\/3dmakinakalip.com\/boy-kesme-kaliplari\/\">\n                                                        <img decoding=\"async\" src=\"https:\/\/3dmakinakalip.com\/wp-content\/plugins\/elementor\/assets\/images\/placeholder.png\" title=\"\" alt=\"\" loading=\"lazy\" \/>                                                    <\/a>\n                    <\/div>\n                <\/div>\n            <\/div>\n\n            \n            <div class=\"col-xl- col-lg- grid-item dogalgaz-kelepce-kaliplari col-md-6\">\n                <div class=\"tp-project-item-four mb-30 tp-img-reveal-item\"\n                    data-subtitle=\"\"\n                    data-title=\"Form Verme Kal\u0131plar\u0131\" data-fx=\"1\">\n                    <div class=\"tp-project-item-four__img fix\">\n                        <a href=\"https:\/\/3dmakinakalip.com\/form-verme-kaliplari\/\">\n                                                        <img decoding=\"async\" src=\"https:\/\/3dmakinakalip.com\/wp-content\/plugins\/elementor\/assets\/images\/placeholder.png\" title=\"\" alt=\"\" loading=\"lazy\" \/>                                                    <\/a>\n                    <\/div>\n                <\/div>\n            <\/div>\n\n            \n            <div class=\"col-xl- col-lg- grid-item lastik-takma-makineleri col-md-6\">\n                <div class=\"tp-project-item-four mb-30 tp-img-reveal-item\"\n                    data-subtitle=\"\"\n                    data-title=\"Lastik Takma Makinesi ( LT-500 )\" data-fx=\"1\">\n                    <div class=\"tp-project-item-four__img fix\">\n                        <a href=\"https:\/\/3dmakinakalip.com\/?page_id=4945\">\n                                                        <img loading=\"lazy\" decoding=\"async\" width=\"1648\" height=\"849\" src=\"https:\/\/3dmakinakalip.com\/wp-content\/uploads\/2024\/04\/LT-500-1000-CAPRAZ-1.png\" class=\"attachment-full size-full\" alt=\"\" srcset=\"https:\/\/3dmakinakalip.com\/wp-content\/uploads\/2024\/04\/LT-500-1000-CAPRAZ-1.png 1648w, https:\/\/3dmakinakalip.com\/wp-content\/uploads\/2024\/04\/LT-500-1000-CAPRAZ-1-300x155.png 300w, https:\/\/3dmakinakalip.com\/wp-content\/uploads\/2024\/04\/LT-500-1000-CAPRAZ-1-1024x528.png 1024w, https:\/\/3dmakinakalip.com\/wp-content\/uploads\/2024\/04\/LT-500-1000-CAPRAZ-1-768x396.png 768w, https:\/\/3dmakinakalip.com\/wp-content\/uploads\/2024\/04\/LT-500-1000-CAPRAZ-1-1536x791.png 1536w\" sizes=\"(max-width: 1648px) 100vw, 1648px\" \/>                                                    <\/a>\n                    <\/div>\n                <\/div>\n            <\/div>\n\n            \n            <div class=\"col-xl- col-lg- grid-item lastik-takma-makineleri col-md-6\">\n                <div class=\"tp-project-item-four mb-30 tp-img-reveal-item\"\n                    data-subtitle=\"\"\n                    data-title=\"Lastik Takma Makinesi ( LT-1000)\" data-fx=\"1\">\n                    <div class=\"tp-project-item-four__img fix\">\n                        <a href=\"https:\/\/3dmakinakalip.com\/?page_id=4949\">\n                                                        <img loading=\"lazy\" decoding=\"async\" width=\"1648\" height=\"849\" src=\"https:\/\/3dmakinakalip.com\/wp-content\/uploads\/2024\/04\/LT-1000-SON-SEHPA-carp.png\" class=\"attachment-full size-full\" alt=\"\" srcset=\"https:\/\/3dmakinakalip.com\/wp-content\/uploads\/2024\/04\/LT-1000-SON-SEHPA-carp.png 1648w, https:\/\/3dmakinakalip.com\/wp-content\/uploads\/2024\/04\/LT-1000-SON-SEHPA-carp-300x155.png 300w, https:\/\/3dmakinakalip.com\/wp-content\/uploads\/2024\/04\/LT-1000-SON-SEHPA-carp-1024x528.png 1024w, https:\/\/3dmakinakalip.com\/wp-content\/uploads\/2024\/04\/LT-1000-SON-SEHPA-carp-768x396.png 768w, https:\/\/3dmakinakalip.com\/wp-content\/uploads\/2024\/04\/LT-1000-SON-SEHPA-carp-1536x791.png 1536w\" sizes=\"(max-width: 1648px) 100vw, 1648px\" \/>                                                    <\/a>\n                    <\/div>\n                <\/div>\n            <\/div>\n\n            \n            <div class=\"col-xl- col-lg- grid-item vidalama-makineleri col-md-6\">\n                <div class=\"tp-project-item-four mb-30 tp-img-reveal-item\"\n                    data-subtitle=\"\"\n                    data-title=\"Tekli Vidalama Makinesi ( VD-500 )\" data-fx=\"1\">\n                    <div class=\"tp-project-item-four__img fix\">\n                        <a href=\"https:\/\/3dmakinakalip.com\/?page_id=4954\">\n                                                        <img loading=\"lazy\" decoding=\"async\" width=\"1693\" height=\"849\" src=\"https:\/\/3dmakinakalip.com\/wp-content\/uploads\/2024\/04\/TEKLI-VIDALAMA-CAPRAZ.png\" class=\"attachment-full size-full\" alt=\"\" srcset=\"https:\/\/3dmakinakalip.com\/wp-content\/uploads\/2024\/04\/TEKLI-VIDALAMA-CAPRAZ.png 1693w, https:\/\/3dmakinakalip.com\/wp-content\/uploads\/2024\/04\/TEKLI-VIDALAMA-CAPRAZ-300x150.png 300w, https:\/\/3dmakinakalip.com\/wp-content\/uploads\/2024\/04\/TEKLI-VIDALAMA-CAPRAZ-1024x514.png 1024w, https:\/\/3dmakinakalip.com\/wp-content\/uploads\/2024\/04\/TEKLI-VIDALAMA-CAPRAZ-768x385.png 768w, https:\/\/3dmakinakalip.com\/wp-content\/uploads\/2024\/04\/TEKLI-VIDALAMA-CAPRAZ-1536x770.png 1536w\" sizes=\"(max-width: 1693px) 100vw, 1693px\" \/>                                                    <\/a>\n                    <\/div>\n                <\/div>\n            <\/div>\n\n            \n            <div class=\"col-xl- col-lg- grid-item vidalama-makineleri col-md-6\">\n                <div class=\"tp-project-item-four mb-30 tp-img-reveal-item\"\n                    data-subtitle=\"\"\n                    data-title=\"Zincirli Vidalama Makinesi ( VD-1000S )\" data-fx=\"1\">\n                    <div class=\"tp-project-item-four__img fix\">\n                        <a href=\"https:\/\/3dmakinakalip.com\/?page_id=4959\">\n                                                        <img loading=\"lazy\" decoding=\"async\" width=\"1693\" height=\"849\" src=\"https:\/\/3dmakinakalip.com\/wp-content\/uploads\/2024\/04\/Vidalama-Makine-Montaj-Capraz.png\" class=\"attachment-full size-full\" alt=\"\" srcset=\"https:\/\/3dmakinakalip.com\/wp-content\/uploads\/2024\/04\/Vidalama-Makine-Montaj-Capraz.png 1693w, https:\/\/3dmakinakalip.com\/wp-content\/uploads\/2024\/04\/Vidalama-Makine-Montaj-Capraz-300x150.png 300w, https:\/\/3dmakinakalip.com\/wp-content\/uploads\/2024\/04\/Vidalama-Makine-Montaj-Capraz-1024x514.png 1024w, https:\/\/3dmakinakalip.com\/wp-content\/uploads\/2024\/04\/Vidalama-Makine-Montaj-Capraz-768x385.png 768w, https:\/\/3dmakinakalip.com\/wp-content\/uploads\/2024\/04\/Vidalama-Makine-Montaj-Capraz-1536x770.png 1536w\" sizes=\"(max-width: 1693px) 100vw, 1693px\" \/>                                                    <\/a>\n                    <\/div>\n                <\/div>\n            <\/div>\n\n            \n            <div class=\"col-xl- col-lg- grid-item vidalama-makineleri col-md-6\">\n                <div class=\"tp-project-item-four mb-30 tp-img-reveal-item\"\n                    data-subtitle=\"\"\n                    data-title=\"D\u00f6ner Tablal\u0131 Vidalama Makinesi ( VD-1000)\" data-fx=\"1\">\n                    <div class=\"tp-project-item-four__img fix\">\n                        <a href=\"https:\/\/3dmakinakalip.com\/doner-tablali-vidalama-makinesi-vd-1000\/\">\n                                                        <img decoding=\"async\" src=\"https:\/\/3dmakinakalip.com\/wp-content\/plugins\/elementor\/assets\/images\/placeholder.png\" title=\"\" alt=\"\" loading=\"lazy\" \/>                                                    <\/a>\n                    <\/div>\n                <\/div>\n            <\/div>\n\n            \n            <div class=\"col-xl- col-lg- grid-item punta-makineleri col-md-6\">\n                <div class=\"tp-project-item-four mb-30 tp-img-reveal-item\"\n                    data-subtitle=\"\"\n                    data-title=\"D\u00f6ner Tablal\u0131 Punta Makinesi (  PM-1000 )\" data-fx=\"1\">\n                    <div class=\"tp-project-item-four__img fix\">\n                        <a href=\"https:\/\/3dmakinakalip.com\/?page_id=4963\">\n                                                        <img loading=\"lazy\" decoding=\"async\" width=\"1680\" height=\"849\" src=\"https:\/\/3dmakinakalip.com\/wp-content\/uploads\/2024\/04\/Kaynak-Makinesi-CAPRAZ.png\" class=\"attachment-full size-full\" alt=\"\" srcset=\"https:\/\/3dmakinakalip.com\/wp-content\/uploads\/2024\/04\/Kaynak-Makinesi-CAPRAZ.png 1680w, https:\/\/3dmakinakalip.com\/wp-content\/uploads\/2024\/04\/Kaynak-Makinesi-CAPRAZ-300x152.png 300w, https:\/\/3dmakinakalip.com\/wp-content\/uploads\/2024\/04\/Kaynak-Makinesi-CAPRAZ-1024x517.png 1024w, https:\/\/3dmakinakalip.com\/wp-content\/uploads\/2024\/04\/Kaynak-Makinesi-CAPRAZ-768x388.png 768w, https:\/\/3dmakinakalip.com\/wp-content\/uploads\/2024\/04\/Kaynak-Makinesi-CAPRAZ-1536x776.png 1536w\" sizes=\"(max-width: 1680px) 100vw, 1680px\" \/>                                                    <\/a>\n                    <\/div>\n                <\/div>\n            <\/div>\n\n            \n            <div class=\"col-xl- col-lg- grid-item punta-makineleri col-md-6\">\n                <div class=\"tp-project-item-four mb-30 tp-img-reveal-item\"\n                    data-subtitle=\"\"\n                    data-title=\"D\u00fcz Punta Makinesi ( PM-500 )\" data-fx=\"1\">\n                    <div class=\"tp-project-item-four__img fix\">\n                        <a href=\"https:\/\/3dmakinakalip.com\/duz-punta-makinesi-pm-500\/\">\n                                                        <img decoding=\"async\" src=\"https:\/\/3dmakinakalip.com\/wp-content\/plugins\/elementor\/assets\/images\/placeholder.png\" title=\"\" alt=\"\" loading=\"lazy\" \/>                                                    <\/a>\n                    <\/div>\n                <\/div>\n            <\/div>\n\n            \n        <\/div>\n    <\/div>\n<\/div>\n\n\n\n\n\n\t\t<\/div>\n\t\t\t\t<\/div>\n\t\t\t\t<div class=\"elementor-element elementor-element-4e2cd38 elementor-widget elementor-widget-tp-btn\" data-id=\"4e2cd38\" data-element_type=\"widget\" data-widget_type=\"tp-btn.default\">\n\t\t\t\t<div class=\"elementor-widget-container\">\n\t\t\t\n\t\t\t\n\n\n                <div class=\" wow \" data-wow-duration=\"\" data-wow-delay=\"\" >\n                    <a href=\"https:\/\/3dmakinakalip.com\/?page_id=27\" target=\"_self\" rel=\"nofollow\" class=\"tp-btn tp-btn-style\">Load More<\/a>\n                <\/div>\n\n\n        \n        \t\t<\/div>\n\t\t\t\t<\/div>\n\t\t\t\t\t<\/div>\n\t\t<\/div>\n\t\t\t\t\t<\/div>\n\t\t<\/section>\n\t\t\t\t<\/div>\n\t\t","protected":false},"excerpt":{"rendered":"<p>T\u00dcM \u00dcR\u00dcNLER DO\u011eALGAZ KELEP\u00c7E KALIPLARI LAST\u0130K TAKMA MAK\u0130NELER\u0130 V\u0130DALAMA MAK\u0130NELER\u0130 PUNTA MAK\u0130NELER\u0130 Load More<\/p>\n","protected":false},"author":1,"featured_media":0,"parent":0,"menu_order":0,"comment_status":"closed","ping_status":"closed","template":"elementor_header_footer","meta":{"_monsterinsights_skip_tracking":false,"_monsterinsights_sitenote_active":false,"_monsterinsights_sitenote_note":"","_monsterinsights_sitenote_category":0,"footnotes":""},"class_list":["post-27","page","type-page","status-publish","hentry"],"acf":[],"aioseo_notices":[],"lang":"tr","translations":{"tr":27},"jetpack_sharing_enabled":true,"pll_sync_post":[],"_links":{"self":[{"href":"https:\/\/3dmakinakalip.com\/index.php?rest_route=\/wp\/v2\/pages\/27","targetHints":{"allow":["GET"]}}],"collection":[{"href":"https:\/\/3dmakinakalip.com\/index.php?rest_route=\/wp\/v2\/pages"}],"about":[{"href":"https:\/\/3dmakinakalip.com\/index.php?rest_route=\/wp\/v2\/types\/page"}],"author":[{"embeddable":true,"href":"https:\/\/3dmakinakalip.com\/index.php?rest_route=\/wp\/v2\/users\/1"}],"replies":[{"embeddable":true,"href":"https:\/\/3dmakinakalip.com\/index.php?rest_route=%2Fwp%2Fv2%2Fcomments&post=27"}],"version-history":[{"count":141,"href":"https:\/\/3dmakinakalip.com\/index.php?rest_route=\/wp\/v2\/pages\/27\/revisions"}],"predecessor-version":[{"id":5418,"href":"https:\/\/3dmakinakalip.com\/index.php?rest_route=\/wp\/v2\/pages\/27\/revisions\/5418"}],"wp:attachment":[{"href":"https:\/\/3dmakinakalip.com\/index.php?rest_route=%2Fwp%2Fv2%2Fmedia&parent=27"}],"curies":[{"name":"wp","href":"https:\/\/api.w.org\/{rel}","templated":true}]}}